{"id":648,"date":"2019-06-05T14:22:33","date_gmt":"2019-06-05T12:22:33","guid":{"rendered":"https:\/\/nexus-on.com\/aviso-legal\/"},"modified":"2025-07-16T13:24:03","modified_gmt":"2025-07-16T11:24:03","slug":"avis-legal","status":"publish","type":"page","link":"https:\/\/nexus-on.com\/ca\/avis-legal\/","title":{"rendered":"Av\u00eds legal"},"content":{"rendered":"[vc_row thb_full_width=&#8221;true&#8221; thb_row_padding=&#8221;true&#8221; thb_column_padding=&#8221;true&#8221; bg_gradient_direction=&#8221;0&#8243; thb_shape_divider=&#8221;true&#8221; css=&#8221;.vc_custom_1559585815742{padding-bottom: 0px !important;background: #0a0a0a url(https:\/\/nexus-on.com\/wp-content\/uploads\/2019\/06\/bg-about.jpg?id=343) !important;background-position: center !important;background-repeat: no-repeat !important;background-size: cover !important;}&#8221; divider_shape=&#8221;tilt_v2&#8243; thb_divider_color=&#8221;#ffffff&#8221; thb_divider_height=&#8221;100&#8243;][vc_column][vc_row_inner css=&#8221;.vc_custom_1522314053191{padding-top: 25vh !important;padding-bottom: 14vh !important;}&#8221;][vc_column_inner]\t<div id=\"thb-autotype-69e1f3f7483c6\" class=\"thb-autotype titleVB\">\n\t\t<h1><label>A<\/label><strong><span class=\"thb-autotype-entry\" data-thb-cursor=\"1\" data-thb-loop=\"\" data-strings=\"[&quot;&lt;font color=\\&quot;#f38700\\&quot;&gt;A&lt;\\\/font&gt;v\\u00eds legal&quot;]\" data-speed=\"50\"><\/span><\/strong><\/h1>\t\t\t\t<style>\n\t\t\t#thb-autotype-69e1f3f7483c6 .thb-autotype-entry {\n\t\t\t\tcolor: #ffffff;\n\t\t\t}\n\t\t<\/style>\n\t\t\t<\/div>\n\n\t[\/vc_column_inner][\/vc_row_inner][\/vc_column][\/vc_row][vc_row thb_full_width=&#8221;true&#8221; thb_row_padding=&#8221;true&#8221; thb_column_padding=&#8221;true&#8221; thb_shape_divider=&#8221;true&#8221; css=&#8221;.vc_custom_1559737398506{padding-bottom: 100px !important;}&#8221; divider_shape=&#8221;triangle&#8221; thb_divider_color=&#8221;#050505&#8243; thb_divider_height=&#8221;100&#8243;][vc_column][vc_row_inner css=&#8221;.vc_custom_1559737504052{padding-top: 70px !important;}&#8221;][vc_column_inner][vc_column_text]En aquest espai, l&#8217;USUARI, podr\u00e0 trobar tota la informaci\u00f3 relativa als termes i condicions legals que defineixen les relacions entre els usuaris i nosaltres com a responsables d&#8217;aquesta web. Com a usuari, \u00e9s important que coneguis aquests termes abans de continuar la teva navegaci\u00f3. NEXUS7 CIBERSECURITY &#8211; NANDO PALAU MEJ\u00cdA. Como responsable d&#8217;aquesta web, assumeix el comprom\u00eds de processar la informaci\u00f3 dels nostres usuaris i clients amb plenes garanties i complir amb els requisits nacionals i europeus que regulen la recopilaci\u00f3 i \u00fas de les dades personals dels nostres usuaris. Aquest web, per tant, compleix rigorosament amb el RGPD (REGLAMENT (UE) 2016\/679 de protecci\u00f3 de dades) i la LSSI-CE la Llei 34\/2002, de 11 de juliol, de serveis de la societat de la informaci\u00f3 i de comer\u00e7 electr\u00f2nic.<\/p>\n<h3>Condicions generals d&#8217;\u00fas<\/h3>\n<p>Les presents condicions generals regulen l&#8217;\u00fas (incloent el mer acc\u00e9s) de les p\u00e0gines del web, integrants del lloc web de https:\/\/www.nexus-on.com inclosos els continguts i serveis posats a disposici\u00f3 en elles. Tota persona que accedeixi a la web, https:\/\/www.nexus-on.com ( &#8220;Usuari&#8221;) accepta sotmetre a les Condicions Generals vigents en cada moment del portal https:\/\/www.nexus-on.com.<\/p>\n<h3>Dades personals que recaptem i com ho fem<\/h3>\n<p><a href=\"https:\/\/nexus-on.com\/ca\/politica-de-privacitat\/\"> Llegir Pol\u00edtica de Privacitat <\/a><\/p>\n<h3>Compromisos i obligacions dels usuaris<\/h3>\n<p>L&#8217;Usuari queda informat, i accepta, que l&#8217;acc\u00e9s a la present web no suposa, de cap manera, l&#8217;inici d&#8217;una relaci\u00f3 comercial amb https:\/\/www.nexus-on.com. D&#8217;aquesta manera, l&#8217;usuari es compromet a utilitzar el lloc web, els seus serveis i continguts sense contravenir la legislaci\u00f3 vigent, la bona fe i l&#8217;ordre p\u00fablic.<\/p>\n<p>Queda prohibit l&#8217;\u00fas del web, amb fins il\u00b7l\u00edcits o lesius, o que, de qualsevol forma, puguin causar perjudici o impedir el normal funcionament del lloc web. Respecte dels continguts d&#8217;aquesta web, es prohibeix: La seva reproducci\u00f3, distribuci\u00f3 o modificaci\u00f3, total o parcial, llevat que es compti amb l&#8217;autoritzaci\u00f3 dels seus leg\u00edtims titulars; Qualsevol vulneraci\u00f3 dels drets del prestador o dels leg\u00edtims titulars; La seva utilitzaci\u00f3 per a fins comercials o publicitaris.<\/p>\n<p>En la utilitzaci\u00f3 del web, https:\/\/www.nexus-on.com, l&#8217;Usuari es compromet a no dur a terme cap conducta que pogu\u00e9s danyar la imatge, els interessos i els drets de https: \/\/www.nexus- on.com o de tercers o que pogu\u00e9s danyar, inutilitzar o sobrecarregar el portal (indicar domini) o que imped\u00eds, de qualsevol forma, la normal utilitzaci\u00f3 del web. No obstant aix\u00f2, l&#8217;Usuari ha de ser conscient que les mesures de seguretat dels sistemes inform\u00e0tics a Internet no s\u00f3n enterament fiables i que, per tant https:\/\/www.nexus-on.com no pot garantir la inexist\u00e8ncia de virus o altres elements que puguin produir alteracions en els sistemes inform\u00e0tics (programari i maquinari) de l&#8217;Usuari o en els seus documents electr\u00f2nics i fitxers continguts en els mateixos.<\/p>\n<h3>Mesures de seguretat<\/h3>\n<p>Les dades personals comunicades per l&#8217;usuari a https:\/\/www.nexus-on.com poden ser emmagatzemats en bases de dades automatitzades o no, la titularitat correspon en exclusiva a https:\/\/www.nexus-on.com, assumint aquesta totes les mesures d&#8217;\u00edndole t\u00e8cnica, organitzativa i de seguretat que garanteixen la confidencialitat, integritat i qualitat de la informaci\u00f3 continguda en les mateixes d&#8217;acord amb el que estableix la normativa vigent en protecci\u00f3 de dades.<\/p>\n<p>La comunicaci\u00f3 entre els usuaris i https:\/\/www.nexus-on.com utilitza un canal segur, i les dades transmeses s\u00f3n xifrades gr\u00e0cies a protocols a https, per tant, garantim les millors condicions de seguretat perqu\u00e8 la confidencialitat dels usuaris estigui garantida.<\/p>\n<h3>Reclamacions<\/h3>\n<p>https:\/\/www.nexus-on.com informa que hi ha fulls de reclamaci\u00f3 a disposici\u00f3 d&#8217;usuaris i clients. L&#8217;Usuari podr\u00e0 realitzar reclamacions sol\u00b7licitant el seu full de reclamaci\u00f3 o enviant un correu electr\u00f2nic a info@nexus-on.com indicant el seu nom i cognoms, el servei i \/ o producte adquirit i exposant els motius de la seva reclamaci\u00f3.<\/p>\n<p>L&#8217;usuari \/ comprador podr\u00e0 notificar-nos la reclamaci\u00f3, b\u00e9 a trav\u00e9s de correu electr\u00f2nic a: info@nexus-on.com, si ho desitja adjuntant el seg\u00fcent formulari de reclamaci\u00f3: El servei \/ producte: Adquirit el dia: Nom de l&#8217;usuari: Domicili de l&#8217; usuari: Signatura de l&#8217;usuari (nom\u00e9s si es presenta en paper): Data: Motiu de la reclamaci\u00f3:<\/p>\n<h3>Plataforma de resoluci\u00f3 de conflictes<\/h3>\n<p>Per si pot ser del teu inter\u00e8s, per sotmetre les teves reclamacions pots utilitzar tamb\u00e9 la plataforma de resoluci\u00f3 de litigis que facilita la Comissi\u00f3 Europea i que es troba disponible en el seg\u00fcent enlla\u00e7: http:\/\/ec.europa.eu\/consumers\/odr\/<\/p>\n<h3>Drets de propietat intel\u00b7lectual i industrial<\/h3>\n<p>En virtut del que disposen els articles 8 i 32.1, par\u00e0graf segon, de la Llei de Propietat Intel\u00b7lectual, queden expressament prohibides la reproducci\u00f3, la distribuci\u00f3 i la comunicaci\u00f3 p\u00fablica, inclosa la seva modalitat de posada a disposici\u00f3, de la totalitat o part dels continguts d&#8217;aquesta p\u00e0gina web, amb fins comercials, en qualsevol suport i per qualsevol mitj\u00e0 t\u00e8cnic, sense l&#8217;autoritzaci\u00f3 de https:\/\/www.nexus-on.com. L&#8217;usuari es compromet a respectar els drets de Propietat Intel\u00b7lectual i Industrial titularitat de https:\/\/www.nexus-on.com.<\/p>\n<p>L&#8217;usuari coneix i accepta que la totalitat del lloc web, contenint sense car\u00e0cter exhaustiu el text, programari, continguts (incloent estructura, selecci\u00f3, ordenaci\u00f3 i presentaci\u00f3 dels mateixos) podcast, fotografies, material audiovisual i gr\u00e0fics, est\u00e0 protegida per marques, drets d&#8217;autor i altres drets leg\u00edtims, d&#8217;acord amb els tractats internacionals en els quals Espanya \u00e9s part i altres drets de propietat i lleis d&#8217;Espanya. En el cas que un usuari o un tercer considerin que s&#8217;ha produ\u00eft una violaci\u00f3 dels seus leg\u00edtims drets de propietat intel\u00b7lectual per la introducci\u00f3 d&#8217;un determinat contingut a la web, haur\u00e0 de notificar aquesta circumst\u00e0ncia a https: \/\/www.nexus-on. com indicant:<\/p>\n<p style=\"padding-left: 40px;\">&#8211; Dades personals de l&#8217;interessat titular dels drets presumptament infringits, o indicar la representaci\u00f3 amb la qual actua en cas que la reclamaci\u00f3 la present un tercer diferent de l&#8217;interessat.<br \/>\n&#8211; Assenyalar els continguts protegits pels drets de propietat intel\u00b7lectual i la seva ubicaci\u00f3 a la web, l&#8217;acreditaci\u00f3 dels drets de propietat intel\u00b7lectual assenyalats i declaraci\u00f3 expressa en qu\u00e8 l&#8217;interessat es responsabilitza de la veracitat de les informacions facilitades en la notificaci\u00f3 &lt;\/ p &gt;<\/p>\n<h3>Enlla\u00e7os externs<\/h3>\n<p>Les p\u00e0gines del web https:\/\/www.nexus-on.com, podria proporcionar enlla\u00e7os a altres llocs web propis i continguts que s\u00f3n propietat de tercers. L&#8217;\u00fanic objecte dels enlla\u00e7os \u00e9s proporcionar a l&#8217;Usuari la possibilitat d&#8217;accedir a aquests enlla\u00e7os. https:\/\/www.nexus-on.com no es responsabilitza en cap cas dels resultats que puguin derivar-se a l&#8217;Usuari per acc\u00e9s a aquests enlla\u00e7os.<\/p>\n<p>Aix\u00ed mateix, l&#8217;usuari trobar\u00e0 dins d&#8217;aquest lloc, p\u00e0gines, promocions, programes d&#8217;afiliats que accedeixen als h\u00e0bits de navegaci\u00f3 dels usuaris per establir perfils. Aquesta informaci\u00f3 sempre \u00e9s an\u00f2nima i no s&#8217;identifica l&#8217;usuari.<\/p>\n<p>La Informaci\u00f3 que es proporcioni en aquests Llocs patrocinat o enlla\u00e7os d&#8217;afiliats est\u00e0 subjecta a les pol\u00edtiques de privacitat que s&#8217;utilitzin en aquests Llocs i no estar\u00e0 subjecta a aquesta pol\u00edtica de privacitat. Pel que recomanem \u00e0mpliament als Usuaris a revisar detalladament les pol\u00edtiques de privacitat dels enlla\u00e7os d&#8217;afiliat.<\/p>\n<p>L&#8217;Usuari que es proposi establir qualsevol dispositiu t\u00e8cnic d&#8217;enlla\u00e7 des del seu lloc web al portal XXWEBXX haur\u00e0 d&#8217;obtenir l&#8217;autoritzaci\u00f3 pr\u00e8via i escrita de https:\/\/www.nexus-on.com L&#8217;establiment de l&#8217;enlla\u00e7 no implica en cap cas l&#8217;exist\u00e8ncia de relacions entre https:\/\/www.nexus-on.com i el propietari del lloc en el qual s&#8217;estableixi l&#8217;enlla\u00e7, ni l&#8217;acceptaci\u00f3 o aprovaci\u00f3 per part de https:\/\/www.nexus-on.com dels seus continguts o serveis.<\/p>\n<h3>Pol\u00edtica de comentaris<\/h3>\n<p>A la nostra web i es permeten fer comentaris per enriquir els continguts i realitzar consultes. No s&#8217;admetran comentaris que no estiguin relacionats amb la tem\u00e0tica d&#8217;aquest web, que incloguin difamacions, greuges, insults, atacs personals o faltes de respecte en general cap a l&#8217;autor o cap a altres membres. Tamb\u00e9 seran suprimits els comentaris que continguin informaci\u00f3 que sigui \u00f2bviament enganyosa o falsa, aix\u00ed com els comentaris que continguin informaci\u00f3 personal, com, per exemple, domicilis privat o tel\u00e8fons i que vulnerin la nostra pol\u00edtica de protecci\u00f3 de dades.<\/p>\n<p>Es desestimar\u00e0, igualment, aquells comentaris creats nom\u00e9s amb fins promocionals d&#8217;una web, persona o col\u00b7lectiu i tot el que pugui ser considerat spam en general.<\/p>\n<p>No es permeten comentaris an\u00f2nims, aix\u00ed com aquells realitzats per una mateixa persona amb diferents sobrenoms. No es consideraran tampoc aquells comentaris que intentin for\u00e7ar un debat o una presa de postura per un altre usuari.<\/p>\n<h3>Exclusi\u00f3 de garanties i responsabilitat<\/h3>\n<p>El prestador no atorga cap garantia ni es fa responsable, en cap cas, dels danys i perjudicis de qualsevol naturalesa que es puguin derivar de:<\/p>\n<p style=\"padding-left: 40px;\">&#8211; La manca de disponibilitat, manteniment i efectiu funcionament del web, o dels seus serveis i continguts;<br \/>\n&#8211; L&#8217;exist\u00e8ncia de virus, programes maliciosos o lesius en els continguts;<br \/>\n&#8211; L&#8217;\u00fas il\u00b7l\u00edcit, negligent, fraudulent o contrari a aquest Av\u00eds Legal;<br \/>\n&#8211; La falta de licitud, qualitat, fiabilitat, utilitat i disponibilitat dels serveis prestats per tercers i posats a disposici\u00f3 dels usuaris al lloc web.<br \/>\n&#8211; El prestador no es fa responsable en cap concepte dels danys que poguessin dimanar de l&#8217;\u00fas il\u00b7legal o indegut de la present p\u00e0gina web.<\/p>\n<h3>Llei aplicable i jurisdicci\u00f3<\/h3>\n<p>Amb car\u00e0cter general les relacions entre https:\/\/www.nexus-on.com amb els Usuaris dels seus serveis telem\u00e0tics, presents en aquesta web es troben sotmeses a la legislaci\u00f3 i jurisdicci\u00f3 espanyoles i als tribunals.<\/p>\n<h3>Contacte<\/h3>\n<p>En cas que qualsevol Usuari tingu\u00e9s algun dubte sobre aquestes Condicions legals o qualsevol comentari sobre el portal https:\/\/www.nexus-on.com, si us plau dirigiu-vos a info@nexus-on.com<\/p>\n<p>De part de l&#8217;equip que formem NEXUS7 CIBERSECURITY &#8211; NANDO PALAU MEJ\u00cdA t&#8217;agra\u00efm el temps dedicat a llegir aquest Av\u00eds Legal[\/vc_column_text][\/vc_column_inner][\/vc_row_inner][\/vc_column][\/vc_row]\n","protected":false},"excerpt":{"rendered":"<p>[vc_row thb_full_width=&#8221;true&#8221; thb_row_padding=&#8221;true&#8221; thb_column_padding=&#8221;true&#8221; bg_gradient_direction=&#8221;0&#8243; thb_shape_divider=&#8221;true&#8221; css=&#8221;.vc_custom_1559585815742{padding-bottom: 0px !important;background: #0a0a0a url(https:\/\/nexus-on.com\/wp-content\/uploads\/2019\/06\/bg-about.jpg?id=343) !important;background-position: center !important;background-repeat: no-repeat !important;background-size: cover !important;}&#8221; divider_shape=&#8221;tilt_v2&#8243; thb_divider_color=&#8221;#ffffff&#8221; thb_divider_height=&#8221;100&#8243;][vc_column][vc_row_inner css=&#8221;.vc_custom_1522314053191{padding-top: 25vh !important;padding-bottom: 14vh !important;}&#8221;][vc_column_inner][\/vc_column_inner][\/vc_row_inner][\/vc_column][\/vc_row][vc_row thb_full_width=&#8221;true&#8221; thb_row_padding=&#8221;true&#8221; thb_column_padding=&#8221;true&#8221; thb_shape_divider=&#8221;true&#8221; css=&#8221;.vc_custom_1559737398506{padding-bottom: 100px !important;}&#8221; divider_shape=&#8221;triangle&#8221; thb_divider_color=&#8221;#050505&#8243; thb_divider_height=&#8221;100&#8243;][vc_column][vc_row_inner css=&#8221;.vc_custom_1559737504052{padding-top: 70px !important;}&#8221;][vc_column_inner][vc_column_text]En aquest espai, l&#8217;USUARI, podr\u00e0 trobar tota la informaci\u00f3 relativa als termes i condicions legals que defineixen&hellip;<\/p>\n","protected":false},"author":1,"featured_media":0,"parent":0,"menu_order":0,"comment_status":"closed","ping_status":"closed","template":"","meta":{"footnotes":""},"class_list":["post-648","page","type-page","status-publish","hentry"],"aioseo_notices":[],"_links":{"self":[{"href":"https:\/\/nexus-on.com\/ca\/wp-json\/wp\/v2\/pages\/648","targetHints":{"allow":["GET"]}}],"collection":[{"href":"https:\/\/nexus-on.com\/ca\/wp-json\/wp\/v2\/pages"}],"about":[{"href":"https:\/\/nexus-on.com\/ca\/wp-json\/wp\/v2\/types\/page"}],"author":[{"embeddable":true,"href":"https:\/\/nexus-on.com\/ca\/wp-json\/wp\/v2\/users\/1"}],"replies":[{"embeddable":true,"href":"https:\/\/nexus-on.com\/ca\/wp-json\/wp\/v2\/comments?post=648"}],"version-history":[{"count":6,"href":"https:\/\/nexus-on.com\/ca\/wp-json\/wp\/v2\/pages\/648\/revisions"}],"predecessor-version":[{"id":1564,"href":"https:\/\/nexus-on.com\/ca\/wp-json\/wp\/v2\/pages\/648\/revisions\/1564"}],"wp:attachment":[{"href":"https:\/\/nexus-on.com\/ca\/wp-json\/wp\/v2\/media?parent=648"}],"curies":[{"name":"wp","href":"https:\/\/api.w.org\/{rel}","templated":true}]}}