{"id":656,"date":"2019-06-05T14:28:15","date_gmt":"2019-06-05T12:28:15","guid":{"rendered":"https:\/\/nexus-on.com\/politica-de-privacidad\/"},"modified":"2025-07-16T13:24:46","modified_gmt":"2025-07-16T11:24:46","slug":"politica-de-privacitat","status":"publish","type":"page","link":"https:\/\/nexus-on.com\/ca\/politica-de-privacitat\/","title":{"rendered":"Pol\u00edtica de privacitat"},"content":{"rendered":"[vc_row thb_full_width=&#8221;true&#8221; thb_row_padding=&#8221;true&#8221; thb_column_padding=&#8221;true&#8221; bg_gradient_direction=&#8221;0&#8243; thb_shape_divider=&#8221;true&#8221; css=&#8221;.vc_custom_1559585815742{padding-bottom: 0px !important;background: #0a0a0a url(https:\/\/nexus-on.com\/wp-content\/uploads\/2019\/06\/bg-about.jpg?id=343) !important;background-position: center !important;background-repeat: no-repeat !important;background-size: cover !important;}&#8221; divider_shape=&#8221;tilt_v2&#8243; thb_divider_color=&#8221;#ffffff&#8221; thb_divider_height=&#8221;100&#8243;][vc_column][vc_row_inner css=&#8221;.vc_custom_1522314053191{padding-top: 25vh !important;padding-bottom: 14vh !important;}&#8221;][vc_column_inner]\t<div id=\"thb-autotype-69defbfa6a6c1\" class=\"thb-autotype titleVB\">\n\t\t<h1><label>P<\/label><strong><span class=\"thb-autotype-entry\" data-thb-cursor=\"1\" data-thb-loop=\"\" data-strings=\"[&quot;&lt;font color=\\&quot;#f38700\\&quot;&gt;P&lt;\\\/font&gt;ol\\u00edtica de privacitat&quot;]\" data-speed=\"50\"><\/span><\/strong><\/h1>\t\t\t\t<style>\n\t\t\t#thb-autotype-69defbfa6a6c1 .thb-autotype-entry {\n\t\t\t\tcolor: #ffffff;\n\t\t\t}\n\t\t<\/style>\n\t\t\t<\/div>\n\n\t[\/vc_column_inner][\/vc_row_inner][\/vc_column][\/vc_row][vc_row thb_full_width=&#8221;true&#8221; thb_row_padding=&#8221;true&#8221; thb_column_padding=&#8221;true&#8221; thb_shape_divider=&#8221;true&#8221; css=&#8221;.vc_custom_1559737398506{padding-bottom: 100px !important;}&#8221; divider_shape=&#8221;triangle&#8221; thb_divider_color=&#8221;#050505&#8243; thb_divider_height=&#8221;100&#8243;][vc_column][vc_row_inner css=&#8221;.vc_custom_1559737504052{padding-top: 70px !important;}&#8221;][vc_column_inner][vc_column_text]En NEXUS7 CIBERSECURITY &#8211; NANDO PALAU MEJ\u00cdA (Des d&#8217;ara NEXUS7 CIBERSECURITY) treballem per garantir la privacitat en el tractament de les teves dades personals. Hem actualitzat la nostra pol\u00edtica de privacitat en l\u00ednia per informar clarament de com recopilem, utilitzem i custodiem les dades de les persones que contacten amb la nostra organitzaci\u00f3.<\/p>\n<h3>Responsable del tractament<\/h3>\n<p>L&#8217;interessat que faciliti a NEXUS7 CIBERSECURITY dades de car\u00e0cter personal a trav\u00e9s d&#8217;aquesta plataforma en l\u00ednia o per altres vies (per exemple, xarxes socials) queda informat que el tractament de les seves dades \u00e9s realitzat per:<\/p>\n<p style=\"padding-left: 40px;\">&#8220;NEXUS7 CIBERSECURITY &#8211; NANDO PALAU MEJ\u00cdA<br \/>\nDomicili social carrer de Brusi 25, Entro. 2\u00aa, Barcelona 08006, Espa\u00f1a.<br \/>\nCorreu electr\u00f2nic: nando.palau@nexus-on.com &#8220;<\/p>\n<h3>Finalitats del tractament de dades<\/h3>\n<p>En NEXUS7 CIBERSECURITY el tractament de dades es realitza amb les seg\u00fcents finalitats, en funci\u00f3 del motiu pel qual ens els hagis facilitat:<\/p>\n<p style=\"padding-left: 40px;\">1. Contactar amb el remitent de la informaci\u00f3, donar resposta a la seva sol\u00b7licitud, petici\u00f3 o consulta i gestionar les consultes i comentaris i fer un seguiment posterior.<br \/>\n2. En cas de contractaci\u00f3 dels b\u00e9ns i serveis oferts per mantenir la relaci\u00f3 contractual, aix\u00ed com la gesti\u00f3, administraci\u00f3, informaci\u00f3, prestaci\u00f3 i millora del servei.<br \/>\n3. Valorar i gestionar, si escau, el curr\u00edculum vitae per a processos de selecci\u00f3 que s&#8217;adaptin al teu perfil professional i dur a terme les actuacions necess\u00e0ries per a la selecci\u00f3 i contractaci\u00f3 de personal.<br \/>\n4. Remetre butlletins (newsletters), aix\u00ed com comunicacions comercials de promocions i \/ o publicitat de la nostra entitat i \/ o del sector. Et recordem que pots oposar-te a l&#8217;enviament de comunicacions comercials per qualsevol via i en qualsevol moment, remetent un correu electr\u00f2nic a l&#8217;adre\u00e7a indicada anteriorment.<br \/>\n5. Els camps d&#8217;aquests registres s\u00f3n d&#8217;ompliment obligatori, sent impossible realitzar les finalitats expressades si no s&#8217;aporten aquestes dades<\/p>\n<h3>Legitimaci\u00f3 per al tractament de dades<\/h3>\n<p style=\"padding-left: 40px;\">&#8211; La base legal per al tractament de les dades de les finalitats anteriorment descrites \u00e9s l&#8217;execuci\u00f3 de la prestaci\u00f3 del servei corresponent.<br \/>\n&#8211; La base de l&#8217;enviament de comunicacions comercials a usuaris no clients \u00e9s el consentiment que s&#8217;ha sol\u00b7licitat, i pot ser revocat en qualsevol moment. La retirada d&#8217;aquest consentiment no afectar\u00e0 en cap cas a l&#8217;execuci\u00f3 del contracte, per\u00f2 els tractaments de dades amb aquesta finalitat efectuats amb anterioritat no perdran la seva licitud pel fet que el consentiment s&#8217;hagi revocat.<br \/>\n&#8211; La base per al tractament dels curr\u00edculum vitae \u00e9s el consentiment lliure, espec\u00edfic, informat i inequ\u00edvoc, que ens atorga el candidat al realitzar l&#8217;enviament del mateix per a participar en processos de selecci\u00f3.<\/p>\n<p>No obstant aix\u00f2, et recordem que tens dret a oposar-te a aquest tractament de les teves dades, i pot fer-ho per qualsevol dels mitjans descrits en aquesta Pol\u00edtica.<\/p>\n<p>Totes les dades facilitades per tu s\u00f3n certes i correctes, i et compromets a mantenir-los actualitzats, comunicant els canvis a NEXUS7 CIBERSECURITY. En cas que no ens facilitis les teves dades o el facis de forma err\u00f2nia o incompleta, no podrem atendre la teva sol\u00b7licitud, resultant del tot impossible proporcionar la informaci\u00f3 sol\u00b7licitada o dur a terme la contractaci\u00f3 dels serveis.<\/p>\n<h3>Durada del tractament de dades<\/h3>\n<p style=\"padding-left: 40px;\">&#8211; Les dades personals proporcionades es conservaran mentre es mantingui la relaci\u00f3 comercial i no demanis la seva supressi\u00f3. Posteriorment a la mateixa, es conservaran durant els terminis legalment exigits (llevat, en ambd\u00f3s casos, que el tractament es bas\u00e9s en el consentiment de l&#8217;usuari i aquest ho revoqu\u00e9s, en aquest cas es conservaran fins que es rebi aquesta revocaci\u00f3).<br \/>\n&#8211; Les dades per a la gesti\u00f3 de consultes i sol\u00b7licituds s&#8217;han de conservar durant el temps necessari per donar resposta als mateixos, amb un termini m\u00e0xim d&#8217;un (1) any.<br \/>\n&#8211; Les dades per a l&#8217;enviament de comunicacions comercials dels nostres productes o serveis seran conservats indefinidament fins que, si \u00e9s el cas, ens manifestis la teva voluntat de suprimir-los.<br \/>\n&#8211; Les dades de curr\u00edculum vitae per a processos de selecci\u00f3 seran conservades durant (1) un any.<\/p>\n<p>Per tant, podem garantir que les seves dades no es conservaran m\u00e9s temps del necessari per a les finalitats descrites anteriorment, sense perjudici de la conservaci\u00f3 que result\u00e9s necess\u00e0ria per a la formulaci\u00f3, l&#8217;exercici o la defensa potencials reclamacions i \/ o sempre que ho permet\u00e9s la legislaci\u00f3 aplicable.<\/p>\n<h3>Comunicaci\u00f3 de les dades<\/h3>\n<p>Les dades es comunicaran a les seg\u00fcents entitats:<\/p>\n<p style=\"padding-left: 40px;\">&#8211; A les entitats financeres a trav\u00e9s de les quals s&#8217;articuli la gesti\u00f3 de cobraments i pagaments.<br \/>\n&#8211; A les empreses subcontractades per NEXUS7 CIBERSECURITY per gestionar la facturaci\u00f3 dels serveis contractats. El detall de l&#8217;entitat que actuar\u00e0 com a empresa sub-encarregada del tractament s&#8217;ha d&#8217;identificar en el corresponent contracte d&#8217;encarregat de tractament a subscriure entre NEXUS7 CIBERSECURITY i el client.<br \/>\n&#8211; A les administracions p\u00fabliques competents, en els casos que preveu la Llei i per als fins en ella definits, i si \u00e9s el cas, igualment a altres \u00f2rgans com Forces i Cossos de seguretat de l&#8217;Estat i als \u00f2rgans judicials.<\/p>\n<h3>Els teus drets<\/h3>\n<p>Tota persona que ens faciliti les seves dades t\u00e9 els seg\u00fcents drets:<\/p>\n<p style=\"padding-left: 40px;\">&#8211; Qualsevol persona t\u00e9 dret a obtenir confirmaci\u00f3 sobre si estem tractant dades personals que li concerneixin. Les persones interessades tenen dret a accedir a les seves dades personals, aix\u00ed com a sol\u00b7licitar la rectificaci\u00f3 de les dades inexactes o, si escau, sol\u00b7licitar la seva supressi\u00f3 quan, entre d&#8217;altres motius, les dades ja no siguin necessaris per als fins per als quals van ser recollits.<br \/>\n&#8211; En les condicions previstes en el Reglament General de Protecci\u00f3 de Dades, els interessats podran sol\u00b7licitar la limitaci\u00f3 del tractament de les seves dades o el seu portabilitat, en el cas \u00fanicament els conservarem per a l&#8217;exercici o la defensa de reclamacions.<br \/>\n&#8211; En determinades circumst\u00e0ncies i per motius relacionats amb la seva situaci\u00f3 particular, els interessats podran oposar-se al tractament de les seves dades. Si has atorgat el consentiment per a alguna finalitat espec\u00edfica, tens dret a retirar-lo en qualsevol moment, sense que aix\u00f2 afecti la licitud del tractament basat en el consentiment previ a la seva retirada. En aquests sup\u00f2sits deixarem de tractar les dades o, si s&#8217;escau, deixarem de fer-ho per a aquesta finalitat en concret, excepte per motius leg\u00edtims imperiosos o l&#8217;exercici o la defensa de possibles reclamacions.<\/p>\n<p>Tots els drets esmentats poden exercir-se a trav\u00e9s de l&#8217;enviament d&#8217;un correu electr\u00f2nic al compte nando.palau@nexus-on.com o per correu postal a l&#8217;adre\u00e7a carrer Casp 90, 90, 3r 3a 08010-Barcelona, \u200b\u200badjuntant un document oficial d&#8217;identitat ( DNI, carnet de conduir, passaport &#8230;). Per a m\u00e9s informaci\u00f3, sobre el procediment a seguir per a exercir els teus drets i presentar les teves reclamacions, clica aqu\u00ed (incloure link a Annex II Pol\u00edtica de Protecci\u00f3 de Dades)<\/p>\n<p>Davant de qualsevol vulneraci\u00f3 dels teus drets, especialment quan no tinguis el satisfacci\u00f3 en el seu exercici, pots presentar una reclamaci\u00f3 davant l&#8217;Ag\u00e8ncia Espanyola de Protecci\u00f3 de Dades (dades de contacte accessibles a www.agpd.es) o una altra autoritat de control competent. Tamb\u00e9 pots obtenir m\u00e9s informaci\u00f3 sobre els drets que et assisteixen dirigint-te a aquests organismes.<\/p>\n<h3>Dades de tercers<\/h3>\n<p>Si facilites dades de tercers, assumeixes la responsabilitat d&#8217;informar-los pr\u00e8viament de tot el que preveu l&#8217;article 14 del Reglament General de Protecci\u00f3 de Dades en les condicions establertes en l&#8217;esmentat precepte.<\/p>\n<h3>Mesures de Seguretat<\/h3>\n<p>NEXUS7 CIBERSECURITY es compromet a complir la seva obligaci\u00f3 de secret de les dades de car\u00e0cter personal i del seu deure de guardar-los, i adoptar\u00e0 les mesures necess\u00e0ries per evitar la seva alteraci\u00f3, p\u00e8rdua, tractament o acc\u00e9s no autoritzat, d&#8217;acord amb el que estableix normativa aplicable.<\/p>\n<p>NEXUS7 CIBERSECURITY t\u00e9 implantades les mesures de seguretat d&#8217;\u00edndole t\u00e8cnica i organitzatives necess\u00e0ries per garantir la seguretat de les seves dades de car\u00e0cter personal i evitar la seva alteraci\u00f3, p\u00e8rdua i tractament i \/ o acc\u00e9s no autoritzat, at\u00e8s l&#8217;estat de la tecnologia, la naturalesa de les dades emmagatzemades i els riscos a qu\u00e8 estan exposats, tant si provenen de l&#8217;acci\u00f3 humana o del medi f\u00edsic o natural, d&#8217;acord al que estableix la normativa aplicable.<\/p>\n<p>NEXUS7 CIBERSECURITY, entitat preocupada per la privacitat, amb vista a refor\u00e7ar la confidencialitat i integritat de la informaci\u00f3 en la seva organitzaci\u00f3, mant\u00e9 cont\u00ednuament la supervisi\u00f3, control i avaluaci\u00f3 dels seus processos per assegurar el respecte a la privacitat i seguretat de la informaci\u00f3, segons els est\u00e0ndards internacionals.<\/p>\n<p>NEXUS7 CIBERSECURITY haur\u00e0 d&#8217;informar de qualsevol violaci\u00f3 de la seguretat a les autoritats i als interessats d&#8217;acord amb la legislaci\u00f3 vigent si arriba a con\u00e8ixer-se que la seguretat, confidencialitat i integritat de les dades personals s&#8217;ha vist compromesa.<\/p>\n<h3>Protecci\u00f3 de la informaci\u00f3 allotjada<\/h3>\n<p>NEXUS7 CIBERSECURITY realitza c\u00f2pies de seguretat dels continguts allotjats en els seus servidors, per\u00f2, no es responsabilitza de la p\u00e8rdua o l&#8217;esborrat accidental de les dades per part dels usuaris. De la mateixa manera, no garanteix la reposici\u00f3 total de les dades esborrats pels usuaris, ja que les dades esmentades podrien haver estat suprimits i \/ o modificats durant el per\u00edode de temps transcorregut des de l&#8217;\u00faltima c\u00f2pia de seguretat.<\/p>\n<p>Els serveis oferts, excepte els espec\u00edfics de backup, no inclouen la reposici\u00f3 dels continguts conservats en les c\u00f2pies de seguretat realitzades per NEXUS7 CIBERSECURITY, quan aquesta p\u00e8rdua sigui imputable a l&#8217;usuari; en aquest cas, es determinar\u00e0 una tarifa d&#8217;acord amb la complexitat i volum de la recuperaci\u00f3, sempre pr\u00e8via acceptaci\u00f3 de l&#8217;usuari.<\/p>\n<h3>Comunicacions comercials<\/h3>\n<p>En aplicaci\u00f3 de la LSSI. NEXUS7 CIBERSECURITY no enviar\u00e0 comunicacions publicit\u00e0ries o promocionals per correu electr\u00f2nic o altre mitj\u00e0 de comunicaci\u00f3 electr\u00f2nica equivalent que pr\u00e8viament no haguessin estat sol\u00b7licitades o expressament autoritzades pels destinataris de les mateixes.<\/p>\n<p>En el cas d&#8217;usuaris amb els quals hi hagi una relaci\u00f3 contractual pr\u00e8via, NEXUS7 CIBERSECURITY estar\u00e0 autoritzat l&#8217;enviament de comunicacions comercials referents a productes o serveis que siguin similars als que inicialment van ser objecte de contractaci\u00f3 amb el client.<\/p>\n<p>En tot cas, l&#8217;usuari, despr\u00e9s d&#8217;acreditar la seva identitat, podr\u00e0 sol\u00b7licitar que no se li faci arribar m\u00e9s informaci\u00f3 comercial a trav\u00e9s dels canals indicats anteriorment[\/vc_column_text][\/vc_column_inner][\/vc_row_inner][\/vc_column][\/vc_row]\n","protected":false},"excerpt":{"rendered":"<p>[vc_row thb_full_width=&#8221;true&#8221; thb_row_padding=&#8221;true&#8221; thb_column_padding=&#8221;true&#8221; bg_gradient_direction=&#8221;0&#8243; thb_shape_divider=&#8221;true&#8221; css=&#8221;.vc_custom_1559585815742{padding-bottom: 0px !important;background: #0a0a0a url(https:\/\/nexus-on.com\/wp-content\/uploads\/2019\/06\/bg-about.jpg?id=343) !important;background-position: center !important;background-repeat: no-repeat !important;background-size: cover !important;}&#8221; divider_shape=&#8221;tilt_v2&#8243; thb_divider_color=&#8221;#ffffff&#8221; thb_divider_height=&#8221;100&#8243;][vc_column][vc_row_inner css=&#8221;.vc_custom_1522314053191{padding-top: 25vh !important;padding-bottom: 14vh !important;}&#8221;][vc_column_inner][\/vc_column_inner][\/vc_row_inner][\/vc_column][\/vc_row][vc_row thb_full_width=&#8221;true&#8221; thb_row_padding=&#8221;true&#8221; thb_column_padding=&#8221;true&#8221; thb_shape_divider=&#8221;true&#8221; css=&#8221;.vc_custom_1559737398506{padding-bottom: 100px !important;}&#8221; divider_shape=&#8221;triangle&#8221; thb_divider_color=&#8221;#050505&#8243; thb_divider_height=&#8221;100&#8243;][vc_column][vc_row_inner css=&#8221;.vc_custom_1559737504052{padding-top: 70px !important;}&#8221;][vc_column_inner][vc_column_text]En NEXUS7 CIBERSECURITY &#8211; NANDO PALAU MEJ\u00cdA (Des d&#8217;ara NEXUS7 CIBERSECURITY) treballem per garantir la privacitat en&hellip;<\/p>\n","protected":false},"author":1,"featured_media":0,"parent":0,"menu_order":0,"comment_status":"closed","ping_status":"closed","template":"","meta":{"footnotes":""},"class_list":["post-656","page","type-page","status-publish","hentry"],"aioseo_notices":[],"_links":{"self":[{"href":"https:\/\/nexus-on.com\/ca\/wp-json\/wp\/v2\/pages\/656","targetHints":{"allow":["GET"]}}],"collection":[{"href":"https:\/\/nexus-on.com\/ca\/wp-json\/wp\/v2\/pages"}],"about":[{"href":"https:\/\/nexus-on.com\/ca\/wp-json\/wp\/v2\/types\/page"}],"author":[{"embeddable":true,"href":"https:\/\/nexus-on.com\/ca\/wp-json\/wp\/v2\/users\/1"}],"replies":[{"embeddable":true,"href":"https:\/\/nexus-on.com\/ca\/wp-json\/wp\/v2\/comments?post=656"}],"version-history":[{"count":6,"href":"https:\/\/nexus-on.com\/ca\/wp-json\/wp\/v2\/pages\/656\/revisions"}],"predecessor-version":[{"id":1565,"href":"https:\/\/nexus-on.com\/ca\/wp-json\/wp\/v2\/pages\/656\/revisions\/1565"}],"wp:attachment":[{"href":"https:\/\/nexus-on.com\/ca\/wp-json\/wp\/v2\/media?parent=656"}],"curies":[{"name":"wp","href":"https:\/\/api.w.org\/{rel}","templated":true}]}}