{"id":667,"date":"2019-06-05T14:29:26","date_gmt":"2019-06-05T12:29:26","guid":{"rendered":"https:\/\/nexus-on.com\/politica-de-cookies\/"},"modified":"2025-07-16T13:25:06","modified_gmt":"2025-07-16T11:25:06","slug":"politica-de-cookies","status":"publish","type":"page","link":"https:\/\/nexus-on.com\/ca\/politica-de-cookies\/","title":{"rendered":"Pol\u00edtica de cookies"},"content":{"rendered":"[vc_row thb_full_width=&#8221;true&#8221; thb_row_padding=&#8221;true&#8221; thb_column_padding=&#8221;true&#8221; bg_gradient_direction=&#8221;0&#8243; thb_shape_divider=&#8221;true&#8221; css=&#8221;.vc_custom_1559585815742{padding-bottom: 0px !important;background: #0a0a0a url(https:\/\/nexus-on.com\/wp-content\/uploads\/2019\/06\/bg-about.jpg?id=343) !important;background-position: center !important;background-repeat: no-repeat !important;background-size: cover !important;}&#8221; divider_shape=&#8221;tilt_v2&#8243; thb_divider_color=&#8221;#ffffff&#8221; thb_divider_height=&#8221;100&#8243;][vc_column][vc_row_inner css=&#8221;.vc_custom_1522314053191{padding-top: 25vh !important;padding-bottom: 14vh !important;}&#8221;][vc_column_inner]\t<div id=\"thb-autotype-69decdadcf0f0\" class=\"thb-autotype titleVB\">\n\t\t<h1><label>P<\/label><strong><span class=\"thb-autotype-entry\" data-thb-cursor=\"1\" data-thb-loop=\"\" data-strings=\"[&quot;&lt;font color=\\&quot;#f38700\\&quot;&gt;P&lt;\\\/font&gt;ol\\u00edtica de cookies&quot;]\" data-speed=\"50\"><\/span><\/strong><\/h1>\t\t\t\t<style>\n\t\t\t#thb-autotype-69decdadcf0f0 .thb-autotype-entry {\n\t\t\t\tcolor: #ffffff;\n\t\t\t}\n\t\t<\/style>\n\t\t\t<\/div>\n\n\t[\/vc_column_inner][\/vc_row_inner][\/vc_column][\/vc_row][vc_row thb_full_width=&#8221;true&#8221; thb_row_padding=&#8221;true&#8221; thb_column_padding=&#8221;true&#8221; thb_shape_divider=&#8221;true&#8221; css=&#8221;.vc_custom_1559737398506{padding-bottom: 100px !important;}&#8221; divider_shape=&#8221;triangle&#8221; thb_divider_color=&#8221;#050505&#8243; thb_divider_height=&#8221;100&#8243;][vc_column][vc_row_inner css=&#8221;.vc_custom_1559737504052{padding-top: 70px !important;}&#8221;][vc_column_inner][vc_column_text]NEXUS7 CIBERSECURITY pot modificar aquesta pol\u00edtica de galetes d&#8217;acord amb la legislaci\u00f3 vigent, o amb el prop\u00f2sit d&#8217;adaptar aquesta pol\u00edtica als requeriments de les autoritats espanyoles i europees sobre protecci\u00f3 de dades de car\u00e0cter personal, per tant, es recomana als usuaris visitar aquesta pol\u00edtica de galetes sovint.<\/p>\n<p>Les dades personals amb l&#8217;\u00fas de cookies al lloc web de NEXUS7 CIBERSECURITY es regeixen per les disposicions de la Pol\u00edtica de privacitat, per la Llei 34\/2002, de 11 de juliol, de serveis de la societat de la informaci\u00f3 i de comer\u00e7 electr\u00f2nic, aix\u00ed com tamb\u00e9 per les lleis i normatives europees sobre protecci\u00f3 de dades car\u00e0cter personal en tot moment.<\/p>\n<h3>Informaci\u00f3 de cookies<\/h3>\n<p>Una galeta \u00e9s un petit arxiu de text que un lloc web emmagatzema a l&#8217;ordinador de l&#8217;usuari, tel\u00e8fon o qualsevol altre dispositiu, amb informaci\u00f3 sobre la seva navegaci\u00f3 en aquest lloc web. Les cookies s\u00f3n necess\u00e0ries per facilitar la navegaci\u00f3 i perqu\u00e8 sigui m\u00e9s f\u00e0cil d&#8217;usar, i no danyen el seu ordinador. Si b\u00e9 aquesta Pol\u00edtica utilitza el terme general &#8220;Galetes&#8221;, ja que s\u00f3n el m\u00e8tode principal per emmagatzemar la informaci\u00f3 utilitzada per aquest lloc web, l&#8217;espai de &#8220;Emmagatzematge local&#8221; del navegador tamb\u00e9 s&#8217;utilitza per als mateixos fins que les Galetes. Tota la informaci\u00f3 inclosa en aquesta secci\u00f3 tamb\u00e9 s&#8217;aplica a aquest &#8220;Emmagatzematge local&#8221;.<\/p>\n<h3>Informaci\u00f3 recopilada autom\u00e0ticament<\/h3>\n<p>NEXUS7 CIBERSECURITY mesura el rendiment del seu lloc web per millorar-lo i personalitzar-lo a favor dels nostres visitants. Durant la seva visita, podem recopilar i emmagatzemar autom\u00e0ticament els seg\u00fcents tipus d&#8217;informaci\u00f3 sobre el seu ordinador i la seva visita:<\/p>\n<p style=\"padding-left: 40px;\">&#8211; El domini i el host des del qual s&#8217;accedeix a Internet;<\/p>\n<p style=\"padding-left: 40px;\">&#8211; L&#8217;adre\u00e7a d&#8217;Internet del lloc web des del qual es vincula directament a aquest lloc<br \/>\nweb, si escau;<\/p>\n<p style=\"padding-left: 40px;\">&#8211; La data i hora en qu\u00e8 va arribar al nostre lloc web i quant temps va passar al lloc web i<br \/>\nquines p\u00e0gines va visitar;<\/p>\n<p style=\"padding-left: 40px;\">&#8211; La seva adre\u00e7a de protocol d&#8217;Internet (IP);<\/p>\n<p style=\"padding-left: 40px;\">&#8211; El sistema operatiu i el programari de navegaci\u00f3 del seu ordinador.<\/p>\n<p>El tractament d&#8217;aquesta informaci\u00f3 que es recopila autom\u00e0ticament complir\u00e0 amb totes les lleis i regulacions existents. En aquest sentit, ha d&#8217;acceptar lliurement i expl\u00edcitament aquesta Pol\u00edtica de Cookies si voleu utilitzar el lloc web, aix\u00ed com la Pol\u00edtica de Privadesa si voleu utilitzar els serveis de NEXUS7 CIBERSECURITY.<\/p>\n<h3>Per a qu\u00e8 s&#8217;utilitzen les galetes en aquest lloc web?<\/h3>\n<p>Les cookies s\u00f3n una part essencial de com funciona el nostre lloc web. L&#8217;objectiu principal de les nostres Galetes \u00e9s millorar la vostra navegaci\u00f3. Per exemple, s&#8217;utilitzen per recordar les seves prefer\u00e8ncies (idioma, pa\u00eds, etc.) mentre navega i en futures visites. La informaci\u00f3 recopilada per les Galetes tamb\u00e9 ens permet millorar el lloc calculant els n\u00fameros i patrons d&#8217;\u00fas, la idone\u00eftat del lloc web per als interessos individuals dels usuaris, recerques m\u00e9s r\u00e0pides, etc.<\/p>\n<p>De vegades, si hem obtingut el seu consentiment informat per avan\u00e7at, podem utilitzar cookies, etiquetes o altres dispositius similars per obtenir informaci\u00f3 que ens permeti mostrar-li, ja sigui des del nostre lloc web o des de llocs web de tercers o per qualsevol altre mitj\u00e0, publicitat, basat en l&#8217;an\u00e0lisi de les teves h\u00e0bits de navegaci\u00f3<\/p>\n<h3>Qui fa servir la informaci\u00f3 emmagatzemada en les galetes?<\/h3>\n<p>La informaci\u00f3 emmagatzemada en les galetes del nostre lloc web \u00e9s utilitzada exclusivament per nosaltres, excepte les identificades a continuaci\u00f3 com &#8220;galetes de tercers&#8221;, que s\u00f3n utilitzades i administrades per entitats externes per proporcionar serveis sol\u00b7licitats per nosaltres per millorar els nostres serveis i l&#8217;experi\u00e8ncia del usuari quan navega pel nostre lloc web. Els principals serveis per als quals s&#8217;utilitzen aquestes \u00abgaletes de tercers\u00bb s\u00f3n obtenir estad\u00edstiques d&#8217;acc\u00e9s i garantir les transaccions de pagament que es duen a terme.<\/p>\n<h3>Tipologia, prop\u00f2sit i funcionament de les galetes<\/h3>\n<h4 style=\"padding-left: 40px;\">Tipus de galetes<\/h4>\n<p style=\"padding-left: 80px;\"><strong>COOKIES DE SESSI\u00d3:<\/strong> caduquen quan l&#8217;Usuari tanca el navegador o els permanents, que romanen operatius mentre s\u00f3n necessaris per a la finalitat a qu\u00e8 serveixen (per exemple , perqu\u00e8 l&#8217;Usuari romangui identificat en els Serveis GELT) o quan s\u00f3n esborrats manualment.<\/p>\n<p style=\"padding-left: 80px;\"><strong>COOKIES DE RENDIMENT:<\/strong> li permeten recordar les seves prefer\u00e8ncies sobre les eines que es troben en els Serveis, per evitar tornar a executar el servei en cada visita.<\/p>\n<p style=\"padding-left: 80px;\"><strong>COOKIES DE GEOLOCALITZACI\u00d3:<\/strong> li permeten saber en quin pa\u00eds es troba quan sol\u00b7licita un servei. Aquesta Cookie \u00e9s completament an\u00f2nima i nom\u00e9s es fa servir per ajudar a guiar el contingut cap a la seva ubicaci\u00f3.<\/p>\n<p style=\"padding-left: 80px;\"><strong>COOKIES DE REGISTRE:<\/strong> les galetes de registre es generen en el moment de la inscripci\u00f3 o d&#8217;hora quan obre la sessi\u00f3 i s&#8217;utilitzen per identificar-lo en els serveis i mantenir l&#8217;Usuari identificat perqu\u00e8, si es tanca un servei, el navegador o l&#8217;ordinador, puguem identificar-te quan et connectis de nou a GELT. Aquesta galeta s&#8217;elimina si l&#8217;usuari fa clic a &#8220;tancar sessi\u00f3&#8221;.<\/p>\n<p style=\"padding-left: 80px;\"><strong>COOKIES ANAL\u00cdTIQUES:<\/strong> permeten dur a terme estad\u00edstiques per a l&#8217;optimitzaci\u00f3 i millora de l&#8217;experi\u00e8ncia dels Usuaris en el lloc. Permeten que el visitant sigui identificat an\u00f2nimament per mantenir un c\u00e0lcul aproximat del nombre de visitants i la seva tend\u00e8ncia en el temps, per saber quin contingut \u00e9s el m\u00e9s visitat, per saber si l&#8217;Usuari \u00e9s nou o per saber si ha repetit la visita.<\/p>\n<p style=\"padding-left: 80px;\"><strong>COOKIES PUBLICIT\u00c0RIES:<\/strong> permeten millorar els anuncis mostrats a cada usuari an\u00f2nim en els serveis de GELT, emmagatzemant la durada o freq\u00fc\u00e8ncia de visualitzaci\u00f3 dels anuncis, la interacci\u00f3 amb ells, els patrons de navegaci\u00f3 que permeten elaborar un perfil d&#8217;inter\u00e8s publicitari i oferir publicitat adequada als teus interessos.<\/p>\n<p style=\"padding-left: 80px;\"><strong>COOKIES PUBLICIT\u00c0RIES DE TERCERS:<\/strong> A m\u00e9s de la publicitat administrada en la nostra aplicaci\u00f3 i en la nostra web, GELT utilitza cookies per permetre a les ag\u00e8ncies de publicitat la possibilitat de publicar anuncis personalitzats en llocs web o aplicacions de tercers. D&#8217;aquesta manera, l&#8217;ag\u00e8ncia de publicitat pot identificar l&#8217;equip de l&#8217;usuari GELT en aquests llocs web o aplicacions de tercers i accedir a les dades associades a ells, per mostrar publicitat personalitzada.<\/p>\n<h4 style=\"padding-left: 40px;\">Usem les cookies seg\u00fcents:<\/h4>\n<p style=\"padding-left: 80px;\">cookieyes-consent<\/p>\n<p style=\"padding-left: 80px;\">_GRECAPTCHA<\/p>\n<p style=\"padding-left: 80px;\">_ga<\/p>\n<p style=\"padding-left: 80px;\">_gid<\/p>\n<p style=\"padding-left: 80px;\">CONSENT<\/p>\n<p style=\"padding-left: 80px;\">_gat<\/p>\n<p style=\"padding-left: 80px;\">YSC<\/p>\n<p style=\"padding-left: 80px;\">VISITOR_INFO1_LIVE<\/p>\n<p style=\"padding-left: 80px;\">yt-remote-device-id<\/p>\n<p style=\"padding-left: 80px;\">yt.innertube::requests<\/p>\n<p style=\"padding-left: 80px;\">yt.innertube::nextId<\/p>\n<p style=\"padding-left: 80px;\">yt-remote-connected-devices<\/p>\n<h4 style=\"padding-left: 40px;\">Com puc evitar fer servir cookies en aquest lloc web?<\/h4>\n<p style=\"padding-left: 40px;\">Si prefereix evitar l&#8217;\u00fas de galetes en aquesta p\u00e0gina, tenint en compte les limitacions descrites anteriorment, primer de desactivar l&#8217;\u00fas de Cookies al teu navegador i despr\u00e9s eliminar les galetes guardades en el seu navegador associat a aquest lloc web. Podeu utilitzar aquesta opci\u00f3 per evitar l&#8217;\u00fas de cookies en qualsevol moment.<\/p>\n<h4 style=\"padding-left: 40px;\">Com desactivar i evito l&#8217;\u00fas de galetes?<\/h4>\n<p style=\"padding-left: 40px;\">Es poden restringir, bloquejar o eliminar les galetes d&#8217;aquest lloc web en qualsevol moment canviant la configuraci\u00f3 del seu navegador seguint els passos que s&#8217;indiquen a continuaci\u00f3. Si b\u00e9 la configuraci\u00f3 \u00e9s diferent en cada navegador, les galetes normalment es configuren en el men\u00fa &#8216;Prefer\u00e8ncies \u00bbo\u00ab Eines \u00bb. Per obtenir m\u00e9s informaci\u00f3 sobre com configurar les cookies, consulteu el men\u00fa \u00abAjuda\u00bb al navegador. Les instruccions per accedir al men\u00fa de configuraci\u00f3 de cookies i, si escau, navegaci\u00f3 privada en diferents navegadors es poden trobar a:<\/p>\n<p style=\"padding-left: 80px;\"><strong>Internet Explorer:<\/strong><br \/>\nEines -&gt; Opcions d&#8217;Internet -&gt; Privacitat -&gt; Configuraci\u00f3.<br \/>\nPer a m\u00e9s informaci\u00f3 pot consultar el suport de Microsoft o &#8220;Ajuda&#8221; al Navegador. &#8220;<\/p>\n<p style=\"padding-left: 80px;\"><strong>Firefox:<\/strong><br \/>\nEines -&gt; Opcions -&gt; Privacitat -&gt; Hist\u00f2ric -&gt; Configuraci\u00f3 personalitzada.<br \/>\nPer a m\u00e9s informaci\u00f3 pot consultar el suport de Mozilla o &#8220;Ajuda&#8221; al Navegador. &#8220;<\/p>\n<p style=\"padding-left: 80px;\"><strong>Chrome:<\/strong><br \/>\nConfiguraci\u00f3 -&gt; Mostra opcions avan\u00e7ades -&gt; Privacitat -&gt; Configuraci\u00f3 de contingut.<br \/>\nPer a m\u00e9s informaci\u00f3 pot consultar el suport de Google o &#8220;Ajuda&#8221; al Navegador. &#8220;<\/p>\n<p style=\"padding-left: 80px;\"><strong>Safari:<\/strong><br \/>\nArranjament-&gt; Seguretat<br \/>\nPer a m\u00e9s informaci\u00f3 pot consultar el suport d&#8217;Apple o &#8220;Ajuda&#8221; al navegador.<\/p>\n<p style=\"padding-left: 40px;\">Tamb\u00e9, pots oposar-te a l&#8217;\u00fas de determinades galetes a trav\u00e9s dels seg\u00fcents serveis:<\/p>\n<p style=\"padding-left: 80px;\"><a href=\"http:\/\/www.criteo.com\/deactivate-criteo-banners\/\" target=\"_blank\" rel=\"noopener noreferrer\"> http:\/\/www.criteo.com\/deactivate-criteo-banners\/ <\/a><\/p>\n<p style=\"padding-left: 80px;\"><a href=\"http:\/\/youronlinechoices.eu\/\" target=\"_blank\" rel=\"noopener noreferrer\"> http:\/\/youronlinechoices.eu\/<\/a><\/p>\n<p style=\"padding-left: 80px;\"><a href=\"http:\/\/www.networkadvertising.org\/choices\/\" target=\"_blank\" rel=\"noopener noreferrer\"> http:\/\/www.networkadvertising .org\/choices\/<\/a><\/p>\n<p style=\"padding-left: 80px;\"><a href=\"http:\/\/www.aboutads.info\/choices\/\" target=\"_blank\" rel=\"noopener noreferrer\"> http:\/\/www.aboutads.info\/choices\/<\/a><\/p>\n<h3>Actualitzacions i canvis en la Pol\u00edtica de Cookies<\/h3>\n<p>NEXUS7 CIBERSECURITY pot modificar aquesta pol\u00edtica de galetes d&#8217;acord amb la legislaci\u00f3 vigent, o amb el prop\u00f2sit d&#8217;adaptar aquesta pol\u00edtica als requeriments de les autoritats espanyoles i europees sobre protecci\u00f3 de dades de car\u00e0cter personal, per tant, es recomana als usuaris visitar aquesta pol\u00edtica de galetes sovint.[\/vc_column_text][\/vc_column_inner][\/vc_row_inner][\/vc_column][\/vc_row]\n","protected":false},"excerpt":{"rendered":"<p>[vc_row thb_full_width=&#8221;true&#8221; thb_row_padding=&#8221;true&#8221; thb_column_padding=&#8221;true&#8221; bg_gradient_direction=&#8221;0&#8243; thb_shape_divider=&#8221;true&#8221; css=&#8221;.vc_custom_1559585815742{padding-bottom: 0px !important;background: #0a0a0a url(https:\/\/nexus-on.com\/wp-content\/uploads\/2019\/06\/bg-about.jpg?id=343) !important;background-position: center !important;background-repeat: no-repeat !important;background-size: cover !important;}&#8221; divider_shape=&#8221;tilt_v2&#8243; thb_divider_color=&#8221;#ffffff&#8221; thb_divider_height=&#8221;100&#8243;][vc_column][vc_row_inner css=&#8221;.vc_custom_1522314053191{padding-top: 25vh !important;padding-bottom: 14vh !important;}&#8221;][vc_column_inner][\/vc_column_inner][\/vc_row_inner][\/vc_column][\/vc_row][vc_row thb_full_width=&#8221;true&#8221; thb_row_padding=&#8221;true&#8221; thb_column_padding=&#8221;true&#8221; thb_shape_divider=&#8221;true&#8221; css=&#8221;.vc_custom_1559737398506{padding-bottom: 100px !important;}&#8221; divider_shape=&#8221;triangle&#8221; thb_divider_color=&#8221;#050505&#8243; thb_divider_height=&#8221;100&#8243;][vc_column][vc_row_inner css=&#8221;.vc_custom_1559737504052{padding-top: 70px !important;}&#8221;][vc_column_inner][vc_column_text]NEXUS7 CIBERSECURITY pot modificar aquesta pol\u00edtica de galetes d&#8217;acord amb la legislaci\u00f3 vigent, o amb el prop\u00f2sit&hellip;<\/p>\n","protected":false},"author":1,"featured_media":0,"parent":0,"menu_order":0,"comment_status":"closed","ping_status":"closed","template":"","meta":{"footnotes":""},"class_list":["post-667","page","type-page","status-publish","hentry"],"aioseo_notices":[],"_links":{"self":[{"href":"https:\/\/nexus-on.com\/ca\/wp-json\/wp\/v2\/pages\/667","targetHints":{"allow":["GET"]}}],"collection":[{"href":"https:\/\/nexus-on.com\/ca\/wp-json\/wp\/v2\/pages"}],"about":[{"href":"https:\/\/nexus-on.com\/ca\/wp-json\/wp\/v2\/types\/page"}],"author":[{"embeddable":true,"href":"https:\/\/nexus-on.com\/ca\/wp-json\/wp\/v2\/users\/1"}],"replies":[{"embeddable":true,"href":"https:\/\/nexus-on.com\/ca\/wp-json\/wp\/v2\/comments?post=667"}],"version-history":[{"count":6,"href":"https:\/\/nexus-on.com\/ca\/wp-json\/wp\/v2\/pages\/667\/revisions"}],"predecessor-version":[{"id":1566,"href":"https:\/\/nexus-on.com\/ca\/wp-json\/wp\/v2\/pages\/667\/revisions\/1566"}],"wp:attachment":[{"href":"https:\/\/nexus-on.com\/ca\/wp-json\/wp\/v2\/media?parent=667"}],"curies":[{"name":"wp","href":"https:\/\/api.w.org\/{rel}","templated":true}]}}