{"id":700,"date":"2019-06-05T12:39:52","date_gmt":"2019-06-05T10:39:52","guid":{"rendered":"https:\/\/nexus-on.com\/desarrollo-para-soluciones-de-seguridad\/"},"modified":"2022-02-09T12:31:47","modified_gmt":"2022-02-09T11:31:47","slug":"desenvolupament-per-solucions-de-seguretat","status":"publish","type":"page","link":"https:\/\/nexus-on.com\/ca\/desenvolupament-per-solucions-de-seguretat\/","title":{"rendered":"Solucions de seguretat"},"content":{"rendered":"[vc_row thb_full_width=&#8221;true&#8221; thb_row_padding=&#8221;true&#8221; thb_column_padding=&#8221;true&#8221; bg_gradient_direction=&#8221;0&#8243; thb_shape_divider=&#8221;true&#8221; css=&#8221;.vc_custom_1559728498018{padding-bottom: 0px !important;background: #0a0a0a url(https:\/\/nexus-on.com\/wp-content\/uploads\/2019\/06\/bg-about.jpg?id=343) !important;background-position: center !important;background-repeat: no-repeat !important;background-size: cover !important;}&#8221; divider_shape=&#8221;tilt_v2&#8243; thb_divider_color=&#8221;#f0f0f0&#8243; thb_divider_height=&#8221;100&#8243;][vc_column][vc_row_inner css=&#8221;.vc_custom_1522314053191{padding-top: 25vh !important;padding-bottom: 14vh !important;}&#8221;][vc_column_inner]\t<div id=\"thb-autotype-69e1f00f25ed9\" class=\"thb-autotype titleVB\">\n\t\t<h1><label>D<\/label><strong><span class=\"thb-autotype-entry\" data-thb-cursor=\"1\" data-thb-loop=\"\" data-strings=\"[&quot;&lt;font color=\\&quot;#f38700\\&quot;&gt;D&lt;\\\/font&gt;esenvolupaments per a solucions de seguretat&quot;]\" data-speed=\"50\"><\/span><\/strong><\/h1>\t\t\t\t<style>\n\t\t\t#thb-autotype-69e1f00f25ed9 .thb-autotype-entry {\n\t\t\t\tcolor: #ffffff;\n\t\t\t}\n\t\t<\/style>\n\t\t\t<\/div>\n\n\t\t<div id=\"thb-autotype-69e1f00f26024\" class=\"thb-autotype titleVB\">\n\t\t<h2>&nbsp;<span class=\"thb-autotype-entry\" data-thb-cursor=\"1\" data-thb-loop=\"\" data-strings=\"[&quot;&lt;font color=\\&quot;#f38700\\&quot;&gt;N&lt;\\\/font&gt;SShell - &lt;font color=\\&quot;#f38700\\&quot;&gt;N&lt;\\\/font&gt;SKey - &lt;font color=\\&quot;#f38700\\&quot;&gt;N&lt;\\\/font&gt;STraffic&quot;]\" data-speed=\"50\"><\/span><\/strong><\/h2>\t\t\t\t<style>\n\t\t\t#thb-autotype-69e1f00f26024 .thb-autotype-entry {\n\t\t\t\tcolor: #ffffff;\n\t\t\t}\n\t\t<\/style>\n\t\t\t<\/div>\n\n\t[\/vc_column_inner][\/vc_row_inner][\/vc_column][\/vc_row][vc_row thb_full_width=&#8221;true&#8221; thb_row_padding=&#8221;true&#8221; thb_column_padding=&#8221;true&#8221; thb_shape_divider=&#8221;true&#8221; css=&#8221;.vc_custom_1559729008958{padding-top: 70px !important;padding-bottom: 70px !important;background-color: #f0f0f0 !important;}&#8221; divider_shape=&#8221;tilt&#8221; thb_divider_color=&#8221;#ffffff&#8221;][vc_column][vc_row_inner][vc_column_inner][vc_column_text]\n<h3 style=\"text-align: center;\">El coneixement de l&#8217;equip t\u00e8cnic de Nexus-ON, tamb\u00e9 ens permet desenvolupar solucions de seguretat ad hoc, la finalitat \u00e9s aprofitar i optimitzar els recursos disponibles a la Companyia.<\/h3>\n[\/vc_column_text][\/vc_column_inner][\/vc_row_inner][\/vc_column][\/vc_row][vc_row thb_full_width=&#8221;true&#8221; thb_row_padding=&#8221;true&#8221; thb_column_padding=&#8221;true&#8221; thb_shape_divider=&#8221;true&#8221; css=&#8221;.vc_custom_1559728591611{padding-top: 70px !important;padding-bottom: 70px !important;background-color: #ffffff !important;}&#8221; divider_shape=&#8221;tilt_v2&#8243; thb_divider_color=&#8221;#f0f0f0&#8243;][vc_column][vc_row_inner][vc_column_inner][vc_custom_heading text=&#8221;Nexus-ON Secure Shell (NSShell)&#8221; font_container=&#8221;tag:h2|text_align:left|color:%23343434&#8243; google_fonts=&#8221;font_family:Roboto%3A100%2C100italic%2C300%2C300italic%2Cregular%2Citalic%2C500%2C500italic%2C700%2C700italic%2C900%2C900italic|font_style:500%20bold%20regular%3A500%3Anormal&#8221; el_class=&#8221;subTitleVBOrange&#8221;][vc_column_text]\n<p style=\"text-align: justify;\"><strong>NSShell<\/strong> \u00e9s un executable que no requereix d&#8217;instal\u00b7laci\u00f3, que deshabilita els serveis i connexions que no s\u00f3n necessaris per a la correcta operativa de Windows 10, reduint la transfer\u00e8ncia de dades i per tant el tr\u00e0nsit que genera, augmentant el rendiment de l&#8217;estaci\u00f3 de treball.<\/p>\n[\/vc_column_text][\/vc_column_inner][\/vc_row_inner][vc_row_inner][vc_column_inner width=&#8221;1\/2&#8243;][vc_column_text el_class=&#8221;titleResalted&#8221;]<b>Objectiu<\/b>[\/vc_column_text][vc_column_text el_class=&#8221;boxResalted&#8221;]Controla i valida, les connexions que es generen cap a Internet que no s\u00f3n exclusives de l&#8217;\u00e0mbit operatiu de l&#8217;estaci\u00f3 de treball.<br \/>\n[\/vc_column_text][vc_column_text el_class=&#8221;titleResalted&#8221;]<b>Beneficis<\/b>[\/vc_column_text][vc_column_text]\n<div id=\"thb-pricing-column-5cf77be0ec085\" class=\"thb-iconlist \">\n<ul>\n<li class=\"thb-iconlist-li animation left-to-right\" style=\"visibility: inherit; opacity: 1; transform: matrix(1, 0, 0, 1, 0, 0);\"><i class=\"fas fa-check\"><\/i> Reducci\u00f3 del tr\u00e0nsit generat<\/li>\n<li class=\"thb-iconlist-li animation left-to-right\" style=\"visibility: inherit; opacity: 1; transform: matrix(1, 0, 0, 1, 0, 0);\"><i class=\"fas fa-check\"><\/i> Augment del rendiment de les estacions de treball<\/li>\n<\/ul>\n<style>#thb-pricing-column-5cf77be0ec085.thb-iconlist .fa {color: #f28600;}<\/style>\n<\/div>\n[\/vc_column_text][\/vc_column_inner][vc_column_inner width=&#8221;1\/2&#8243;][vc_column_text el_class=&#8221;titleResalted&#8221;]<b>A qui va dirigit<\/b>[\/vc_column_text][vc_column_text]Est\u00e0 dirigit a Companyies que utilitzen Windows 10, que volen reduir el tr\u00e0nsit innecessari que es genera cap a Internet, permetent un millor \u00fas de l&#8217;ample de banda.[\/vc_column_text][vc_column_text el_class=&#8221;titleResalted&#8221;]<b>Requeriments<\/b>[\/vc_column_text][vc_column_text]Estaci\u00f3 de treball sobre el qual funcioni un entorn Windows 10, ja que no requereix de cap tipus de recurs maquinari ni programari addicional.[\/vc_column_text][\/vc_column_inner][\/vc_row_inner][\/vc_column][\/vc_row][vc_row thb_full_width=&#8221;true&#8221; thb_row_padding=&#8221;true&#8221; thb_column_padding=&#8221;true&#8221; thb_shape_divider=&#8221;true&#8221; css=&#8221;.vc_custom_1559729018500{padding-top: 70px !important;padding-bottom: 70px !important;background-color: #f0f0f0 !important;}&#8221; divider_shape=&#8221;tilt&#8221; thb_divider_color=&#8221;#ffffff&#8221;][vc_column][vc_row_inner][vc_column_inner][vc_custom_heading text=&#8221;Nexus-ON Secure Key (NSKey)&#8221; font_container=&#8221;tag:h2|text_align:left|color:%23343434&#8243; google_fonts=&#8221;font_family:Roboto%3A100%2C100italic%2C300%2C300italic%2Cregular%2Citalic%2C500%2C500italic%2C700%2C700italic%2C900%2C900italic|font_style:500%20bold%20regular%3A500%3Anormal&#8221; el_class=&#8221;subTitleVBOrange&#8221;][vc_column_text]\n<p style=\"text-align: justify;\"><strong>NSKey<\/strong> \u00e9s una aplicaci\u00f3 (daemon), que s&#8217;instal\u00b7la en equips Windows, que de manera conjunta amb un pendrive USB al qual est\u00e0 instal\u00b7lat el <strong>certificat de seguretat<\/strong>, actua com una <strong>clau f\u00edsica d&#8217;acc\u00e9s<\/strong> al sistema.<\/p>\n[\/vc_column_text][\/vc_column_inner][\/vc_row_inner][vc_row_inner][vc_column_inner width=&#8221;1\/2&#8243;][vc_column_text el_class=&#8221;titleResalted&#8221;]<b>Objectiu<\/b>[\/vc_column_text][vc_column_text el_class=&#8221;boxResalted&#8221;]Evitar els accessos no autoritzats a l&#8217;estaci\u00f3 de treball (port\u00e0til o PC), si no es connecta el pendrive USB, fins i tot disposant de la contrasenya d&#8217;acc\u00e9s.[\/vc_column_text][vc_column_text el_class=&#8221;titleResalted&#8221;]<b>A qui va dirigit<\/b>[\/vc_column_text][vc_column_text]A Companyies que requereixin aplicar un nivell de seguretat adequat a les exig\u00e8ncies del paper exercint i a les normatives vigents en mat\u00e8ries de seguretat<\/p>\n<p>Existeixen 2 variants a nivell de seguretat aplicat:<\/p>\n<div id=\"thb-pricing-column-5cf77be0ec085\" class=\"thb-iconlist \">\n<ul>\n<li class=\"thb-iconlist-li animation left-to-right\" style=\"visibility: inherit; opacity: 1; transform: matrix(1, 0, 0, 1, 0, 0);\"><i class=\"fas fa-check\"><\/i> <strong>B\u00e0sic:<\/strong> Empleat sense mobilitat (no itinerant)\n<ul>\n<li class=\"thb-iconlist-li animation left-to-right\" style=\"visibility: inherit; opacity: 1; transform: matrix(1, 0, 0, 1, 0, 0);\"><i class=\"fas fa-check\"><\/i> 6 factors d&#8217;autenticaci\u00f3 i xifrat.<\/li>\n<\/ul>\n<\/li>\n<li class=\"thb-iconlist-li animation left-to-right\" style=\"visibility: inherit; opacity: 1; transform: matrix(1, 0, 0, 1, 0, 0);\"><i class=\"fas fa-check\"><\/i> <strong>Avan\u00e7at:<\/strong> Usuaris que fa \u00fas d&#8217;informaci\u00f3 de car\u00e0cter sensible: Alta Direcci\u00f3, Personal de RRHH &#8230;\n<ul>\n<li class=\"thb-iconlist-li animation left-to-right\" style=\"visibility: inherit; opacity: 1; transform: matrix(1, 0, 0, 1, 0, 0);\"><i class=\"fas fa-check\"><\/i> 12 factors d&#8217;autenticaci\u00f3 i doble xifrat.<\/li>\n<\/ul>\n<\/li>\n<\/ul>\n<style>#thb-pricing-column-5cf77be0ec085.thb-iconlist .fa {color: #f28600;}<\/style>\n<\/div>\n[\/vc_column_text][\/vc_column_inner][vc_column_inner width=&#8221;1\/2&#8243;][vc_column_text el_class=&#8221;titleResalted&#8221;]<b>Beneficis<\/b>[\/vc_column_text][vc_column_text]\n<div id=\"thb-pricing-column-5cf77be0ec085\" class=\"thb-iconlist \">\n<ul>\n<li class=\"thb-iconlist-li animation left-to-right\" style=\"visibility: inherit; opacity: 1; transform: matrix(1, 0, 0, 1, 0, 0);\"><i class=\"fas fa-check\"><\/i> Garantir l&#8217;acc\u00e9s nom\u00e9s si es disposa del pendrive USB, tot i con\u00e8ixer la clau d&#8217;acc\u00e9s.<\/li>\n<\/ul>\n<style>#thb-pricing-column-5cf77be0ec085.thb-iconlist .fa {color: #f28600;}<\/style>\n<\/div>\n[\/vc_column_text][vc_column_text el_class=&#8221;titleResalted&#8221;]<b>Requeriments<\/b>[\/vc_column_text][vc_column_text]Estaci\u00f3 de Treball amb entorn Windows + Pendrive USB amb certificat instal\u00b7lat (prove\u00eft per NEXUS-ON)[\/vc_column_text][\/vc_column_inner][\/vc_row_inner][\/vc_column][\/vc_row][vc_row thb_full_width=&#8221;true&#8221; thb_row_padding=&#8221;true&#8221; thb_column_padding=&#8221;true&#8221; thb_shape_divider=&#8221;true&#8221; css=&#8221;.vc_custom_1559728476793{padding-top: 70px !important;padding-bottom: 70px !important;background-color: #ffffff !important;}&#8221; divider_shape=&#8221;waves_alt&#8221; thb_divider_color=&#8221;#e4e4e4&#8243;][vc_column][vc_row_inner][vc_column_inner][vc_custom_heading text=&#8221;Nexus-ON Secure Traffic (NSTraffic)&#8221; font_container=&#8221;tag:h2|text_align:left|color:%23343434&#8243; google_fonts=&#8221;font_family:Roboto%3A100%2C100italic%2C300%2C300italic%2Cregular%2Citalic%2C500%2C500italic%2C700%2C700italic%2C900%2C900italic|font_style:500%20bold%20regular%3A500%3Anormal&#8221; el_class=&#8221;subTitleVBOrange&#8221;][vc_column_text]\n<p style=\"text-align: justify;\"><strong>NSTraffic<\/strong> \u00e9s una soluci\u00f3 de programari (appliance), que complementa la seguretat oferta pel Firewall Perimetral, bloqueja i controla (audita), contingut innecessari o perill\u00f3s durant la navegaci\u00f3, filtra i bloqueja components innecessaris i perillosos (publicitat, phishing, ransomware, Scamp, pornografia, etc &#8230;), reduint el tr\u00e0nsit i augmentat el nivell de confidencialitat i privacitat.<\/p>\n[\/vc_column_text][\/vc_column_inner][\/vc_row_inner][vc_row_inner][vc_column_inner width=&#8221;1\/2&#8243;][vc_column_text el_class=&#8221;titleResalted&#8221;]<b>Objectiu<\/b>[\/vc_column_text][vc_column_text el_class=&#8221;boxResalted&#8221;]\n<p style=\"text-align: justify;\">Identificar el tr\u00e0nsit, bloquejant en funci\u00f3 del contingut<\/p>\n[\/vc_column_text][vc_column_text el_class=&#8221;titleResalted&#8221;]<b>A qui va dirigit<\/b>[\/vc_column_text][vc_column_text]Companyies que no disposin d&#8217;una soluci\u00f3 tipus Proxy (WebFilter) o necessitin substituir-la.[\/vc_column_text][vc_column_text el_class=&#8221;titleResalted&#8221;]<b>Requeriments<\/b>[\/vc_column_text][vc_column_text]Entorn VMWare o Hyper-V on implementar el Appliance Virtual (.ova)<\/p>\n<div id=\"thb-pricing-column-5cf77be0ec0185\" class=\"thb-iconlist \">\n<ul>\n<li class=\"thb-iconlist-li animation left-to-right\" style=\"visibility: inherit; opacity: 1; transform: matrix(1, 0, 0, 1, 0, 0);\"><i class=\"fas fa-check\"><\/i> 4 VCPU, 4 GB de RAM i 40 GB de disc dur.<\/li>\n<\/ul>\n<style>#thb-pricing-column-5cf77be0ec0185.thb-iconlist .fa {color: #f28600;}<\/style>\n<\/div>\n[\/vc_column_text][\/vc_column_inner][vc_column_inner width=&#8221;1\/2&#8243;][vc_column_text el_class=&#8221;titleResalted&#8221;]<b>Beneficis<\/b>[\/vc_column_text][vc_column_text]\n<div id=\"thb-pricing-column-5cf77be0ec085\" class=\"thb-iconlist \">\n<ul>\n<li class=\"thb-iconlist-li animation left-to-right\" style=\"visibility: inherit; opacity: 1; transform: matrix(1, 0, 0, 1, 0, 0);\"><i class=\"fas fa-check\"><\/i> Redueix el tr\u00e0fic de xarxa, maximitza l&#8217;\u00fas de l&#8217;ample de banda, i permet reduir l&#8217;ample de banda contractat (si aplica)<\/li>\n<li class=\"thb-iconlist-li animation left-to-right\" style=\"visibility: inherit; opacity: 1; transform: matrix(1, 0, 0, 1, 0, 0);\"><i class=\"fas fa-check\"><\/i> Accelera la navegaci\u00f3 per la reducci\u00f3 de contingut filtrat<\/li>\n<li class=\"thb-iconlist-li animation left-to-right\" style=\"visibility: inherit; opacity: 1; transform: matrix(1, 0, 0, 1, 0, 0);\"><i class=\"fas fa-check\"><\/i> Protegeix del contingut brossa a qualsevol dispositiu el tr\u00e0nsit passi a trav\u00e9s del Appliance (PC, M\u00f2bils, Tablets, Smart TV, IOT, &#8230;)<\/li>\n<li class=\"thb-iconlist-li animation left-to-right\" style=\"visibility: inherit; opacity: 1; transform: matrix(1, 0, 0, 1, 0, 0);\"><i class=\"fas fa-check\"><\/i> Augmenta la seguretat en bloquejar elements identificats com de risc o perillosos<\/li>\n<li class=\"thb-iconlist-li animation left-to-right\" style=\"visibility: inherit; opacity: 1; transform: matrix(1, 0, 0, 1, 0, 0);\"><i class=\"fas fa-check\"><\/i> Amplia la protecci\u00f3 del tallafocs<\/li>\n<\/ul>\n<style>#thb-pricing-column-5cf77be0ec085.thb-iconlist .fa {color: #f28600;}<\/style>\n<\/div>\n[\/vc_column_text][\/vc_column_inner][\/vc_row_inner][vc_row_inner][vc_column_inner][vc_separator][vc_column_text el_class=&#8221;boxResalted&#8221;]\n<p style=\"text-align: center;\"><b>La soluci\u00f3 NSTraffic es nodreix de la BBDD de Nexus-ON per actualitzar el tipus de contingut a neutralitzar mitjan\u00e7ant filtrat<\/b><\/p>\n[\/vc_column_text][\/vc_column_inner][\/vc_row_inner][\/vc_column][\/vc_row][vc_row thb_full_width=&#8221;true&#8221; thb_row_padding=&#8221;true&#8221; thb_column_padding=&#8221;true&#8221; thb_shape_divider=&#8221;true&#8221; css=&#8221;.vc_custom_1559725321048{padding-top: 70px !important;padding-bottom: 100px !important;background-color: #e4e4e4 !important;}&#8221; divider_shape=&#8221;triangle&#8221; thb_divider_color=&#8221;#050505&#8243; thb_divider_height=&#8221;100&#8243;][vc_column][vc_row_inner css=&#8221;.vc_custom_1559740089953{background-color: #e4e4e4 !important;}&#8221; el_class=&#8221;callToActionVB&#8221;][vc_column_inner][vc_cta h2=&#8221;Est\u00e0s interessat en aquest servei per a la teva empresa?&#8221; add_button=&#8221;right&#8221; btn_title=&#8221;Contactar&#8221; btn_style=&#8221;custom&#8221; btn_custom_background=&#8221;#f28600&#8243; btn_custom_text=&#8221;#ffffff&#8221; btn_size=&#8221;lg&#8221; btn_align=&#8221;right&#8221; btn_i_align=&#8221;right&#8221; btn_i_icon_fontawesome=&#8221;fas fa-angle-double-right&#8221; add_icon=&#8221;left&#8221; i_icon_fontawesome=&#8221;fas fa-envelope&#8221; i_color=&#8221;custom&#8221; i_size=&#8221;xl&#8221; i_css_animation=&#8221;slideInLeft&#8221; btn_add_icon=&#8221;true&#8221; btn_link=&#8221;url:https%3A%2F%2Fnexus-on.com%2Fca%2Fcontacte%2F|title:Contacte||&#8221; css=&#8221;.vc_custom_1563967075454{border-top-width: 0px !important;border-right-width: 0px !important;border-bottom-width: 0px !important;border-left-width: 0px !important;background-color: #e4e4e4 !important;border-left-style: inherit !important;border-right-style: inherit !important;border-top-style: inherit !important;border-bottom-style: inherit !important;}&#8221; i_custom_color=&#8221;#f28600&#8243; i_link=&#8221;url:https%3A%2F%2Fnexus-on.com%2Fcontacto%2F|title:Contacto||&#8221;]Posa&#8217;t en contacte amb nosaltres, resol els teus dubtes o demana&#8217;ns pressupost personalitzat[\/vc_cta][\/vc_column_inner][\/vc_row_inner][\/vc_column][\/vc_row]\n","protected":false},"excerpt":{"rendered":"<p>[vc_row thb_full_width=&#8221;true&#8221; thb_row_padding=&#8221;true&#8221; thb_column_padding=&#8221;true&#8221; bg_gradient_direction=&#8221;0&#8243; thb_shape_divider=&#8221;true&#8221; css=&#8221;.vc_custom_1559728498018{padding-bottom: 0px !important;background: #0a0a0a url(https:\/\/nexus-on.com\/wp-content\/uploads\/2019\/06\/bg-about.jpg?id=343) !important;background-position: center !important;background-repeat: no-repeat !important;background-size: cover !important;}&#8221; divider_shape=&#8221;tilt_v2&#8243; thb_divider_color=&#8221;#f0f0f0&#8243; thb_divider_height=&#8221;100&#8243;][vc_column][vc_row_inner css=&#8221;.vc_custom_1522314053191{padding-top: 25vh !important;padding-bottom: 14vh !important;}&#8221;][vc_column_inner][\/vc_column_inner][\/vc_row_inner][\/vc_column][\/vc_row][vc_row thb_full_width=&#8221;true&#8221; thb_row_padding=&#8221;true&#8221; thb_column_padding=&#8221;true&#8221; thb_shape_divider=&#8221;true&#8221; css=&#8221;.vc_custom_1559729008958{padding-top: 70px !important;padding-bottom: 70px !important;background-color: #f0f0f0 !important;}&#8221; divider_shape=&#8221;tilt&#8221; thb_divider_color=&#8221;#ffffff&#8221;][vc_column][vc_row_inner][vc_column_inner][vc_column_text] El coneixement de l&#8217;equip t\u00e8cnic de Nexus-ON, tamb\u00e9 ens permet desenvolupar solucions de seguretat ad hoc,&hellip;<\/p>\n","protected":false},"author":1,"featured_media":593,"parent":0,"menu_order":0,"comment_status":"closed","ping_status":"closed","template":"","meta":{"footnotes":""},"class_list":["post-700","page","type-page","status-publish","has-post-thumbnail","hentry"],"aioseo_notices":[],"_links":{"self":[{"href":"https:\/\/nexus-on.com\/ca\/wp-json\/wp\/v2\/pages\/700","targetHints":{"allow":["GET"]}}],"collection":[{"href":"https:\/\/nexus-on.com\/ca\/wp-json\/wp\/v2\/pages"}],"about":[{"href":"https:\/\/nexus-on.com\/ca\/wp-json\/wp\/v2\/types\/page"}],"author":[{"embeddable":true,"href":"https:\/\/nexus-on.com\/ca\/wp-json\/wp\/v2\/users\/1"}],"replies":[{"embeddable":true,"href":"https:\/\/nexus-on.com\/ca\/wp-json\/wp\/v2\/comments?post=700"}],"version-history":[{"count":5,"href":"https:\/\/nexus-on.com\/ca\/wp-json\/wp\/v2\/pages\/700\/revisions"}],"predecessor-version":[{"id":1195,"href":"https:\/\/nexus-on.com\/ca\/wp-json\/wp\/v2\/pages\/700\/revisions\/1195"}],"wp:featuredmedia":[{"embeddable":true,"href":"https:\/\/nexus-on.com\/ca\/wp-json\/wp\/v2\/media\/593"}],"wp:attachment":[{"href":"https:\/\/nexus-on.com\/ca\/wp-json\/wp\/v2\/media?parent=700"}],"curies":[{"name":"wp","href":"https:\/\/api.w.org\/{rel}","templated":true}]}}