{"id":712,"date":"2018-11-05T10:50:41","date_gmt":"2018-11-05T09:50:41","guid":{"rendered":"https:\/\/nexus-on.com\/servicios-seguridad-informatica\/auditorias-de-seguridad\/"},"modified":"2022-02-09T12:39:16","modified_gmt":"2022-02-09T11:39:16","slug":"auditories-de-seguretat","status":"publish","type":"page","link":"https:\/\/nexus-on.com\/ca\/serveis-seguretat-informatica\/auditories-de-seguretat\/","title":{"rendered":"Auditories de seguretat"},"content":{"rendered":"[vc_row thb_full_width=&#8221;true&#8221; thb_row_padding=&#8221;true&#8221; thb_column_padding=&#8221;true&#8221; bg_gradient_direction=&#8221;0&#8243; thb_shape_divider=&#8221;true&#8221; css=&#8221;.vc_custom_1559728498018{padding-bottom: 0px !important;background: #0a0a0a url(https:\/\/nexus-on.com\/wp-content\/uploads\/2019\/06\/bg-about.jpg?id=343) !important;background-position: center !important;background-repeat: no-repeat !important;background-size: cover !important;}&#8221; divider_shape=&#8221;tilt_v2&#8243; thb_divider_color=&#8221;#f0f0f0&#8243; thb_divider_height=&#8221;100&#8243;][vc_column][vc_row_inner css=&#8221;.vc_custom_1522314053191{padding-top: 25vh !important;padding-bottom: 14vh !important;}&#8221;][vc_column_inner]\t<div id=\"thb-autotype-69dedfb138240\" class=\"thb-autotype titleVB\">\n\t\t<h1><label>A<\/label><strong><span class=\"thb-autotype-entry\" data-thb-cursor=\"1\" data-thb-loop=\"\" data-strings=\"[&quot;&lt;font color=\\&quot;#f38700\\&quot;&gt;A&lt;\\\/font&gt;uditories de seguretat&quot;]\" data-speed=\"50\"><\/span><\/strong><\/h1>\t\t\t\t<style>\n\t\t\t#thb-autotype-69dedfb138240 .thb-autotype-entry {\n\t\t\t\tcolor: #ffffff;\n\t\t\t}\n\t\t<\/style>\n\t\t\t<\/div>\n\n\t[\/vc_column_inner][\/vc_row_inner][\/vc_column][\/vc_row][vc_row thb_full_width=&#8221;true&#8221; thb_row_padding=&#8221;true&#8221; thb_column_padding=&#8221;true&#8221; thb_shape_divider=&#8221;true&#8221; css=&#8221;.vc_custom_1559729008958{padding-top: 70px !important;padding-bottom: 70px !important;background-color: #f0f0f0 !important;}&#8221; divider_shape=&#8221;tilt&#8221; thb_divider_color=&#8221;#ffffff&#8221;][vc_column][vc_row_inner][vc_column_inner][vc_custom_heading text=&#8221;Descripci\u00f3&#8221; font_container=&#8221;tag:h2|text_align:left|color:%23343434&#8243; google_fonts=&#8221;font_family:Roboto%3A100%2C100italic%2C300%2C300italic%2Cregular%2Citalic%2C500%2C500italic%2C700%2C700italic%2C900%2C900italic|font_style:500%20bold%20regular%3A500%3Anormal&#8221; el_class=&#8221;subTitleVBOrange&#8221;][vc_column_text]\n<p style=\"text-align: justify;\">Els sistemes d&#8217;informaci\u00f3 d&#8217;una Companyia, estan <strong>exposats a vulnerabilitats<\/strong> que poden suposar un <strong>risc en els actius TI<\/strong> a nivell de disponibilitat, integritat i confidencialitat amb el conseq\u00fcent impacte en l&#8217;operativa del negoci.<\/p>\n[\/vc_column_text][\/vc_column_inner][\/vc_row_inner][vc_row_inner][vc_column_inner width=&#8221;1\/2&#8243;][vc_column_text el_class=&#8221;titleResalted&#8221;]<b>Objectiu<\/b>[\/vc_column_text][vc_column_text]\n<p style=\"text-align: justify;\">Detectar els vectors vulnerables en l&#8217;organitzaci\u00f3 ja siguin externs o interns, i com a resultat, prendre les mesures correctores per evitar intrusions, elevant d&#8217;aquesta manera, el nivell de seguretat dels actius TI implicats.<\/p>\n<div id=\"thb-pricing-column-5cf77be0e6013\" class=\"thb-iconlist \">\n<ul>\n<li class=\"thb-iconlist-li animation left-to-right\" style=\"visibility: inherit; opacity: 1; transform: matrix(1, 0, 0, 1, 0, 0);\"><i class=\"fas fa-check\"><\/i> <strong>Secure FootPrint<\/strong><\/li>\n<li class=\"thb-iconlist-li animation left-to-right\" style=\"visibility: inherit; opacity: 1; transform: matrix(1, 0, 0, 1, 0, 0);\"><strong><i class=\"fas fa-check\"><\/i> Auditoria Externa (Pentesting)<\/strong><\/li>\n<li class=\"thb-iconlist-li animation left-to-right\" style=\"visibility: inherit; opacity: 1; transform: matrix(1, 0, 0, 1, 0, 0);\"><strong><i class=\"fas fa-check\"><\/i> Auditoria Interna<\/strong><\/li>\n<\/ul>\n<style>#thb-pricing-column-5cf77be0e6013.thb-iconlist .fa {color: #f28600;}<\/style>\n<\/div>\n[\/vc_column_text][\/vc_column_inner][vc_column_inner width=&#8221;1\/2&#8243;][vc_column_text el_class=&#8221;titleResalted&#8221;]<b>Beneficis<\/b>[\/vc_column_text][vc_column_text]\n<p style=\"text-align: justify;\">Disposar d&#8217;una visi\u00f3 real sobre el nivell de seguretat existent.<\/p>\n<div id=\"thb-pricing-column-5cf77be0ec085\" class=\"thb-iconlist \">\n<ul>\n<li class=\"thb-iconlist-li animation left-to-right\" style=\"visibility: inherit; opacity: 1; transform: matrix(1, 0, 0, 1, 0, 0);\"><i class=\"fas fa-check\"><\/i> <strong>Vulnerabilitats detectades<\/strong><\/li>\n<li class=\"thb-iconlist-li animation left-to-right\" style=\"visibility: inherit; opacity: 1; transform: matrix(1, 0, 0, 1, 0, 0);\"><strong><i class=\"fas fa-check\"><\/i> Nivell d&#8217;impacte en l&#8217;organitzaci\u00f3<\/strong><\/li>\n<li class=\"thb-iconlist-li animation left-to-right\" style=\"visibility: inherit; opacity: 1; transform: matrix(1, 0, 0, 1, 0, 0);\"><strong><i class=\"fas fa-check\"><\/i> Mesures de mitigaci\u00f3 del risc<\/strong><\/li>\n<\/ul>\n<style>#thb-pricing-column-5cf77be0ec085.thb-iconlist .fa {color: #f28600;}<\/style>\n<\/div>\n<p style=\"text-align: justify;\">A la finalitzaci\u00f3 de l&#8217;auditoria, i com a resultat d&#8217;aquesta, es fa lliurament d&#8217;un informe amb la situaci\u00f3 actual en detall i les recomanacions a seguir.<\/p>\n[\/vc_column_text][\/vc_column_inner][\/vc_row_inner][vc_row_inner][vc_column_inner][vc_separator][vc_column_text el_class=&#8221;boxResalted&#8221;]Oferim la possibilitat de tenir suport i seguiment peri\u00f2dic mitjan\u00e7ant un <b>Pla Anual de Ciberseguretat.<\/b>[\/vc_column_text][\/vc_column_inner][\/vc_row_inner][\/vc_column][\/vc_row][vc_row thb_full_width=&#8221;true&#8221; thb_row_padding=&#8221;true&#8221; thb_column_padding=&#8221;true&#8221; thb_shape_divider=&#8221;true&#8221; css=&#8221;.vc_custom_1559728591611{padding-top: 70px !important;padding-bottom: 70px !important;background-color: #ffffff !important;}&#8221; divider_shape=&#8221;tilt_v2&#8243; thb_divider_color=&#8221;#f0f0f0&#8243;][vc_column][vc_row_inner][vc_column_inner][vc_custom_heading text=&#8221;Secure Footprint&#8221; font_container=&#8221;tag:h2|text_align:left|color:%23343434&#8243; google_fonts=&#8221;font_family:Roboto%3A100%2C100italic%2C300%2C300italic%2Cregular%2Citalic%2C500%2C500italic%2C700%2C700italic%2C900%2C900italic|font_style:500%20bold%20regular%3A500%3Anormal&#8221; el_class=&#8221;subTitleVBOrange&#8221;][vc_column_text]Les Companyies al llarg del temps van deixant la seva &#8220;empremta digital&#8221; a Internet. Aquesta empremta compr\u00e8n totes les dades que una empresa t\u00e9 publicats o propaga (documentaci\u00f3, correus, metadades, etc.) fora del seu domini, aix\u00ed com les tecnologies utilitzades.[\/vc_column_text][\/vc_column_inner][\/vc_row_inner][vc_row_inner][vc_column_inner width=&#8221;1\/2&#8243;][vc_column_text el_class=&#8221;titleResalted&#8221;]<b>Objectiu<\/b>[\/vc_column_text][vc_column_text]A trav\u00e9s de l&#8217;auditoria de <b>&#8220;Secure Footprint&#8221;<\/b>, es busca informaci\u00f3 publicada i disponible a Internet, per validar el nivell de seguretat existent.<\/p>\n<p>Depenent del resultat obtingut es realitza una <b>auditoria externa.<\/b>[\/vc_column_text][\/vc_column_inner][vc_column_inner width=&#8221;1\/2&#8243;][vc_column_text el_class=&#8221;titleResalted&#8221;]<b>Beneficis<\/b>[\/vc_column_text][vc_column_text]Identificaci\u00f3 del nivell de seguretat de l&#8217;arquitectura emprada en la construcci\u00f3 de l&#8217;entorn web de la Companyia.<\/p>\n<p>Informe amb dades rellevants pel que fa a la URL o IP:<\/p>\n<div id=\"thb-pricing-column-5cf77be0ec085\" class=\"thb-iconlist \">\n<ul>\n<li class=\"thb-iconlist-li animation left-to-right\" style=\"visibility: inherit; opacity: 1; transform: matrix(1, 0, 0, 1, 0, 0);\"><i class=\"fas fa-check\"><\/i> Algoritmes de xifrat, metadata, arquitectura utilitzada, validaci\u00f3 d&#8217;accessos&#8230;<\/li>\n<\/ul>\n<style>#thb-pricing-column-5cf77be0ec085.thb-iconlist .fa {color: #f28600;}<\/style>\n<\/div>\n[\/vc_column_text][\/vc_column_inner][\/vc_row_inner][vc_row_inner][vc_column_inner][vc_separator][vc_column_text el_class=&#8221;boxResalted&#8221;]\u00c9s un <u><b>an\u00e0lisi no intrusiu<\/b><\/u> (no hi ha cap impacte sobre la infraestructura de la Companyia), ja que la informaci\u00f3 \u00e9s p\u00fablica i accessible a trav\u00e9s d&#8217;Internet.[\/vc_column_text][\/vc_column_inner][\/vc_row_inner][\/vc_column][\/vc_row][vc_row thb_full_width=&#8221;true&#8221; thb_row_padding=&#8221;true&#8221; thb_column_padding=&#8221;true&#8221; thb_shape_divider=&#8221;true&#8221; css=&#8221;.vc_custom_1559729018500{padding-top: 70px !important;padding-bottom: 70px !important;background-color: #f0f0f0 !important;}&#8221; divider_shape=&#8221;tilt&#8221; thb_divider_color=&#8221;#ffffff&#8221;][vc_column][vc_row_inner][vc_column_inner][vc_custom_heading text=&#8221;Auditoria Externa&#8221; font_container=&#8221;tag:h2|text_align:left|color:%23343434&#8243; google_fonts=&#8221;font_family:Roboto%3A100%2C100italic%2C300%2C300italic%2Cregular%2Citalic%2C500%2C500italic%2C700%2C700italic%2C900%2C900italic|font_style:500%20bold%20regular%3A500%3Anormal&#8221; el_class=&#8221;subTitleVBOrange&#8221;][vc_column_text]A m\u00e9s de ser conscient de la informaci\u00f3 p\u00fablica i publicada, les Companyies han de con\u00e8ixer quin \u00e9s el grau <strong>d&#8217;exposici\u00f3 a les amenaces<\/strong>, sobre els quals se sustenten els seus serveis WEB.[\/vc_column_text][\/vc_column_inner][\/vc_row_inner][vc_row_inner][vc_column_inner width=&#8221;1\/2&#8243;][vc_column_text el_class=&#8221;titleResalted&#8221;]<b>Objectiu<\/b>[\/vc_column_text][vc_column_text]\n<div id=\"thb-pricing-column-5cf77be0ec085\" class=\"thb-iconlist \">\n<ul>\n<li class=\"thb-iconlist-li animation left-to-right\" style=\"visibility: inherit; opacity: 1; transform: matrix(1, 0, 0, 1, 0, 0);\"><i class=\"fas fa-check\"><\/i> Identificar vulnerabilitats dels diferents serveis (IP &#8216;s, URL).<\/li>\n<li class=\"thb-iconlist-li animation left-to-right\" style=\"visibility: inherit; opacity: 1; transform: matrix(1, 0, 0, 1, 0, 0);\"><i class=\"fas fa-check\"><\/i> Disposar d&#8217;una visi\u00f3 global de l&#8217;estat actual dels serveis.<\/li>\n<\/ul>\n<style>#thb-pricing-column-5cf77be0ec085.thb-iconlist .fa {color: #f28600;}<\/style>\n<\/div>\n[\/vc_column_text][\/vc_column_inner][vc_column_inner width=&#8221;1\/2&#8243;][vc_column_text el_class=&#8221;titleResalted&#8221;]<b>Beneficis<\/b>[\/vc_column_text][vc_column_text]\n<div id=\"thb-pricing-column-5cf77be0ec085\" class=\"thb-iconlist \">\n<ul>\n<li class=\"thb-iconlist-li animation left-to-right\" style=\"visibility: inherit; opacity: 1; transform: matrix(1, 0, 0, 1, 0, 0);\"><i class=\"fas fa-check\"><\/i> Con\u00e8ixer les vulnerabilitats que podrien ser susceptibles de ser utilitzades per qualsevol atacant, aix\u00ed com ser conscients del grau de criticitat i accions a realitzar per a la seva mitigaci\u00f3.<\/li>\n<\/ul>\n<style>#thb-pricing-column-5cf77be0ec085.thb-iconlist .fa {color: #f28600;}<\/style>\n<\/div>\n[\/vc_column_text][\/vc_column_inner][\/vc_row_inner][vc_row_inner][vc_column_inner][vc_separator][vc_column_text el_class=&#8221;boxResalted&#8221;]\n<p style=\"text-align: justify;\">\u00c9s un <u><b>An\u00e0lisi intrusiu<\/b><\/u>. Per a la seva realitzaci\u00f3, ens basem:<\/p>\n<div id=\"thb-pricing-column-5cf77be0ec0805\" class=\"thb-iconlist text-left\">\n<ul class=\"text-left\">\n<li class=\"text-left thb-iconlist-li animation left-to-right\" style=\"visibility: inherit; opacity: 1; transform: matrix(1, 0, 0, 1, 0, 0);\"><i class=\"fas fa-check\"><\/i> En est\u00e0ndards internacionals, principalment OWASP i OSSTMM.<\/li>\n<li class=\"text-left thb-iconlist-li animation left-to-right\" style=\"visibility: inherit; opacity: 1; transform: matrix(1, 0, 0, 1, 0, 0);\"><i class=\"fas fa-check\"><\/i> En M\u00e8todes i Eines de creaci\u00f3 pr\u00f2pies, que permeten no nom\u00e9s realitzar checklits d&#8217;estat, sin\u00f3 incrementar la r\u00e0tio de detecci\u00f3 de vulnerabilitats.<\/li>\n<\/ul>\n<style>#thb-pricing-column-5cf77be0ec0805.thb-iconlist .fa {color: #f28600;}<\/style>\n<\/div>\n[\/vc_column_text][\/vc_column_inner][\/vc_row_inner][\/vc_column][\/vc_row][vc_row thb_full_width=&#8221;true&#8221; thb_row_padding=&#8221;true&#8221; thb_column_padding=&#8221;true&#8221; thb_shape_divider=&#8221;true&#8221; css=&#8221;.vc_custom_1559728476793{padding-top: 70px !important;padding-bottom: 70px !important;background-color: #ffffff !important;}&#8221; divider_shape=&#8221;waves_alt&#8221; thb_divider_color=&#8221;#e4e4e4&#8243;][vc_column][vc_row_inner][vc_column_inner][vc_custom_heading text=&#8221;Auditoria Interna&#8221; font_container=&#8221;tag:h2|text_align:left|color:%23343434&#8243; google_fonts=&#8221;font_family:Roboto%3A100%2C100italic%2C300%2C300italic%2Cregular%2Citalic%2C500%2C500italic%2C700%2C700italic%2C900%2C900italic|font_style:500%20bold%20regular%3A500%3Anormal&#8221; el_class=&#8221;subTitleVBOrange&#8221;][vc_column_text]Les Companyies han de ser conscients que les dades que s&#8217;utilitzen en l&#8217;operativa i presa de decisions, es recullen i s&#8217;emmagatzemen en els sistemes d&#8217;informaci\u00f3, els quals, s\u00f3n <strong>susceptibles d&#8217;atacs<\/strong>, com ara ransomware, malware, robatori, etc.[\/vc_column_text][\/vc_column_inner][\/vc_row_inner][vc_row_inner][vc_column_inner width=&#8221;1\/2&#8243;][vc_column_text el_class=&#8221;titleResalted&#8221;]<b>Objectiu<\/b>[\/vc_column_text][vc_column_text]\n<div id=\"thb-pricing-column-5cf77be0ec085\" class=\"thb-iconlist \">\n<ul>\n<li class=\"thb-iconlist-li animation left-to-right\" style=\"visibility: inherit; opacity: 1; transform: matrix(1, 0, 0, 1, 0, 0);\"><i class=\"fas fa-check\"><\/i> Disposar d&#8217;una visi\u00f3 global de l&#8217;estat actual dels actius que formen part dels sistemes d&#8217;informaci\u00f3.<\/li>\n<li class=\"thb-iconlist-li animation left-to-right\" style=\"visibility: inherit; opacity: 1; transform: matrix(1, 0, 0, 1, 0, 0);\"><i class=\"fas fa-check\"><\/i> Identificar les vulnerabilitats dels diferents tipus d&#8217;actius.<\/li>\n<li class=\"thb-iconlist-li animation left-to-right\" style=\"visibility: inherit; opacity: 1; transform: matrix(1, 0, 0, 1, 0, 0);\"><i class=\"fas fa-check\"><\/i> Mitigar el risc associat a les vulnerabilitats identificades.<\/li>\n<\/ul>\n<style>#thb-pricing-column-5cf77be0ec085.thb-iconlist .fa {color: #f28600;}<\/style>\n<\/div>\n[\/vc_column_text][\/vc_column_inner][vc_column_inner width=&#8221;1\/2&#8243;][vc_column_text el_class=&#8221;titleResalted&#8221;]<b>Beneficis<\/b>[\/vc_column_text][vc_column_text]\n<div id=\"thb-pricing-column-5cf77be0ec085\" class=\"thb-iconlist \">\n<ul>\n<li class=\"thb-iconlist-li animation left-to-right\" style=\"visibility: inherit; opacity: 1; transform: matrix(1, 0, 0, 1, 0, 0);\"><i class=\"fas fa-check\"><\/i> Con\u00e8ixer l&#8217;impacte de les vulnerabilitats.<\/li>\n<li class=\"thb-iconlist-li animation left-to-right\" style=\"visibility: inherit; opacity: 1; transform: matrix(1, 0, 0, 1, 0, 0);\"><i class=\"fas fa-check\"><\/i> Accions correctores de com mitigar les vulnerabilitats identificades.<\/li>\n<li class=\"thb-iconlist-li animation left-to-right\" style=\"visibility: inherit; opacity: 1; transform: matrix(1, 0, 0, 1, 0, 0);\"><i class=\"fas fa-check\"><\/i> Recomanacions i aplicaci\u00f3 de millors pr\u00e0ctiques per a la securitzaci\u00f3 dels actius implicats.<\/li>\n<\/ul>\n<style>#thb-pricing-column-5cf77be0ec085.thb-iconlist .fa {color: #f28600;}<\/style>\n<\/div>\n[\/vc_column_text][\/vc_column_inner][\/vc_row_inner][vc_row_inner][vc_column_inner][vc_separator][vc_column_text el_class=&#8221;boxResalted&#8221;]\n<p style=\"text-align: justify;\">\u00c9s un <strong><u>An\u00e0lisi intrusiu en el qual no s&#8217;explota cap vulnerabilitat<\/u><\/strong> que posi en risc la confidencialitat, integritat i disponibilitat dels sistemes d&#8217;informaci\u00f3.<\/p>\n<p style=\"text-align: justify;\">Proporcionem, a trav\u00e9s del nostre coneixement i bones pr\u00e0ctiques, les mesures correctores a aplicar.<\/p>\n[\/vc_column_text][\/vc_column_inner][\/vc_row_inner][\/vc_column][\/vc_row][vc_row thb_full_width=&#8221;true&#8221; thb_row_padding=&#8221;true&#8221; thb_column_padding=&#8221;true&#8221; thb_shape_divider=&#8221;true&#8221; css=&#8221;.vc_custom_1559725321048{padding-top: 70px !important;padding-bottom: 100px !important;background-color: #e4e4e4 !important;}&#8221; divider_shape=&#8221;triangle&#8221; thb_divider_color=&#8221;#050505&#8243; thb_divider_height=&#8221;100&#8243;][vc_column][vc_row_inner css=&#8221;.vc_custom_1559740125401{background-color: #e4e4e4 !important;}&#8221; el_class=&#8221;callToActionVB&#8221;][vc_column_inner][vc_cta h2=&#8221;Est\u00e0s interessat en aquest servei per a la teva empresa?&#8221; add_button=&#8221;right&#8221; btn_title=&#8221;Contactar&#8221; btn_style=&#8221;custom&#8221; btn_custom_background=&#8221;#f28600&#8243; btn_custom_text=&#8221;#ffffff&#8221; btn_size=&#8221;lg&#8221; btn_align=&#8221;right&#8221; btn_i_align=&#8221;right&#8221; btn_i_icon_fontawesome=&#8221;fas fa-angle-double-right&#8221; add_icon=&#8221;left&#8221; i_icon_fontawesome=&#8221;fas fa-envelope&#8221; i_color=&#8221;custom&#8221; i_size=&#8221;xl&#8221; i_css_animation=&#8221;slideInLeft&#8221; btn_add_icon=&#8221;true&#8221; btn_link=&#8221;url:https%3A%2F%2Fnexus-on.com%2Fca%2Fcontacte%2F|title:Contacte||&#8221; css=&#8221;.vc_custom_1563967778986{border-top-width: 0px !important;border-right-width: 0px !important;border-bottom-width: 0px !important;border-left-width: 0px !important;background-color: #e4e4e4 !important;border-left-style: inherit !important;border-right-style: inherit !important;border-top-style: inherit !important;border-bottom-style: inherit !important;}&#8221; i_custom_color=&#8221;#f28600&#8243; i_link=&#8221;url:https%3A%2F%2Fnexus-on.com%2Fcontacto%2F|title:Contacto||&#8221;]Posa&#8217;t en contacte amb nosaltres, resol els teus dubtes o demana&#8217;ns pressupost personalitzat[\/vc_cta][\/vc_column_inner][\/vc_row_inner][\/vc_column][\/vc_row]\n","protected":false},"excerpt":{"rendered":"<p>[vc_row thb_full_width=&#8221;true&#8221; thb_row_padding=&#8221;true&#8221; thb_column_padding=&#8221;true&#8221; bg_gradient_direction=&#8221;0&#8243; thb_shape_divider=&#8221;true&#8221; css=&#8221;.vc_custom_1559728498018{padding-bottom: 0px !important;background: #0a0a0a url(https:\/\/nexus-on.com\/wp-content\/uploads\/2019\/06\/bg-about.jpg?id=343) !important;background-position: center !important;background-repeat: no-repeat !important;background-size: cover !important;}&#8221; divider_shape=&#8221;tilt_v2&#8243; thb_divider_color=&#8221;#f0f0f0&#8243; thb_divider_height=&#8221;100&#8243;][vc_column][vc_row_inner css=&#8221;.vc_custom_1522314053191{padding-top: 25vh !important;padding-bottom: 14vh !important;}&#8221;][vc_column_inner][\/vc_column_inner][\/vc_row_inner][\/vc_column][\/vc_row][vc_row thb_full_width=&#8221;true&#8221; thb_row_padding=&#8221;true&#8221; thb_column_padding=&#8221;true&#8221; thb_shape_divider=&#8221;true&#8221; css=&#8221;.vc_custom_1559729008958{padding-top: 70px !important;padding-bottom: 70px !important;background-color: #f0f0f0 !important;}&#8221; divider_shape=&#8221;tilt&#8221; thb_divider_color=&#8221;#ffffff&#8221;][vc_column][vc_row_inner][vc_column_inner][vc_custom_heading text=&#8221;Descripci\u00f3&#8221; font_container=&#8221;tag:h2|text_align:left|color:%23343434&#8243; google_fonts=&#8221;font_family:Roboto%3A100%2C100italic%2C300%2C300italic%2Cregular%2Citalic%2C500%2C500italic%2C700%2C700italic%2C900%2C900italic|font_style:500%20bold%20regular%3A500%3Anormal&#8221; el_class=&#8221;subTitleVBOrange&#8221;][vc_column_text] Els sistemes d&#8217;informaci\u00f3 d&#8217;una Companyia, estan exposats a vulnerabilitats que poden suposar&hellip;<\/p>\n","protected":false},"author":1,"featured_media":581,"parent":706,"menu_order":1,"comment_status":"closed","ping_status":"closed","template":"","meta":{"footnotes":""},"class_list":["post-712","page","type-page","status-publish","has-post-thumbnail","hentry"],"aioseo_notices":[],"_links":{"self":[{"href":"https:\/\/nexus-on.com\/ca\/wp-json\/wp\/v2\/pages\/712","targetHints":{"allow":["GET"]}}],"collection":[{"href":"https:\/\/nexus-on.com\/ca\/wp-json\/wp\/v2\/pages"}],"about":[{"href":"https:\/\/nexus-on.com\/ca\/wp-json\/wp\/v2\/types\/page"}],"author":[{"embeddable":true,"href":"https:\/\/nexus-on.com\/ca\/wp-json\/wp\/v2\/users\/1"}],"replies":[{"embeddable":true,"href":"https:\/\/nexus-on.com\/ca\/wp-json\/wp\/v2\/comments?post=712"}],"version-history":[{"count":7,"href":"https:\/\/nexus-on.com\/ca\/wp-json\/wp\/v2\/pages\/712\/revisions"}],"predecessor-version":[{"id":1207,"href":"https:\/\/nexus-on.com\/ca\/wp-json\/wp\/v2\/pages\/712\/revisions\/1207"}],"up":[{"embeddable":true,"href":"https:\/\/nexus-on.com\/ca\/wp-json\/wp\/v2\/pages\/706"}],"wp:featuredmedia":[{"embeddable":true,"href":"https:\/\/nexus-on.com\/ca\/wp-json\/wp\/v2\/media\/581"}],"wp:attachment":[{"href":"https:\/\/nexus-on.com\/ca\/wp-json\/wp\/v2\/media?parent=712"}],"curies":[{"name":"wp","href":"https:\/\/api.w.org\/{rel}","templated":true}]}}