{"id":716,"date":"2018-10-05T12:10:17","date_gmt":"2018-10-05T10:10:17","guid":{"rendered":"https:\/\/nexus-on.com\/servicios-seguridad-informatica\/formacion-y-concienciacion\/"},"modified":"2022-02-09T12:39:07","modified_gmt":"2022-02-09T11:39:07","slug":"formacio-i-conscienciacio","status":"publish","type":"page","link":"https:\/\/nexus-on.com\/ca\/serveis-seguretat-informatica\/formacio-i-conscienciacio\/","title":{"rendered":"Formaci\u00f3 i conscienciaci\u00f3"},"content":{"rendered":"[vc_row thb_full_width=&#8221;true&#8221; thb_row_padding=&#8221;true&#8221; thb_column_padding=&#8221;true&#8221; bg_gradient_direction=&#8221;0&#8243; thb_shape_divider=&#8221;true&#8221; css=&#8221;.vc_custom_1559585815742{padding-bottom: 0px !important;background: #0a0a0a url(https:\/\/nexus-on.com\/wp-content\/uploads\/2019\/06\/bg-about.jpg?id=343) !important;background-position: center !important;background-repeat: no-repeat !important;background-size: cover !important;}&#8221; divider_shape=&#8221;tilt_v2&#8243; thb_divider_color=&#8221;#ffffff&#8221; thb_divider_height=&#8221;100&#8243;][vc_column][vc_row_inner css=&#8221;.vc_custom_1522314053191{padding-top: 25vh !important;padding-bottom: 14vh !important;}&#8221;][vc_column_inner]\t<div id=\"thb-autotype-69dfd16c48b16\" class=\"thb-autotype titleVB\">\n\t\t<h1><label>F<\/label><strong><span class=\"thb-autotype-entry\" data-thb-cursor=\"1\" data-thb-loop=\"\" data-strings=\"[&quot;&lt;font color=\\&quot;#f38700\\&quot;&gt;F&lt;\\\/font&gt;ormaci\\u00f3 i conscienciaci\\u00f3&quot;]\" data-speed=\"50\"><\/span><\/strong><\/h1>\t\t\t\t<style>\n\t\t\t#thb-autotype-69dfd16c48b16 .thb-autotype-entry {\n\t\t\t\tcolor: #ffffff;\n\t\t\t}\n\t\t<\/style>\n\t\t\t<\/div>\n\n\t\t<div id=\"thb-autotype-69dfd16c48c27\" class=\"thb-autotype titleVB\">\n\t\t<h2>&nbsp;<span class=\"thb-autotype-entry\" data-thb-cursor=\"1\" data-thb-loop=\"\" data-strings=\"[&quot;&lt;font color=\\&quot;#f38700\\&quot;&gt;E&lt;\\\/font&gt;-Learning&quot;]\" data-speed=\"50\"><\/span><\/strong><\/h2>\t\t\t\t<style>\n\t\t\t#thb-autotype-69dfd16c48c27 .thb-autotype-entry {\n\t\t\t\tcolor: #ffffff;\n\t\t\t}\n\t\t<\/style>\n\t\t\t<\/div>\n\n\t[\/vc_column_inner][\/vc_row_inner][\/vc_column][\/vc_row][vc_row thb_full_width=&#8221;true&#8221; thb_row_padding=&#8221;true&#8221; thb_column_padding=&#8221;true&#8221; thb_shape_divider=&#8221;true&#8221; css=&#8221;.vc_custom_1559726210359{padding-top: 70px !important;padding-bottom: 70px !important;}&#8221; thb_divider_color=&#8221;#e4e4e4&#8243; divider_shape=&#8221;waves_alt&#8221;][vc_column][vc_row_inner][vc_column_inner][vc_column_text]\n<p style=\"text-align: justify;\">En seguretat, la <strong><u>baula m\u00e9s feble \u00e9s l&#8217;usuari final<\/u><\/strong>. Tenint en compte que m\u00e9s del 80% dels Ciberatacs es deuen a errors humans.<\/p>\n[\/vc_column_text][\/vc_column_inner][\/vc_row_inner][vc_row_inner][vc_column_inner width=&#8221;1\/2&#8243;][vc_column_text el_class=&#8221;titleResalted&#8221;]<strong>Objectiu<\/strong>[\/vc_column_text][vc_column_text]Conscienciar a tots els empleats de la companyia dels riscos i amenaces que existeixen en la seva operativa di\u00e0ria.<\/p>\n<p>Mitjan\u00e7ant l&#8217;assist\u00e8ncia a sessions de formaci\u00f3 i de conscienciaci\u00f3 sobre Ciberseguretat:<\/p>\n<div id=\"thb-pricing-column-5cf77be0e6013\" class=\"thb-iconlist \">\n<ul>\n<li class=\"thb-iconlist-li animation left-to-right\" style=\"visibility: inherit; opacity: 1; transform: matrix(1, 0, 0, 1, 0, 0);\"><i class=\"fas fa-check\"><\/i> Formaci\u00f3 presencial<\/li>\n<li class=\"thb-iconlist-li animation left-to-right\" style=\"visibility: inherit; opacity: 1; transform: matrix(1, 0, 0, 1, 0, 0);\"><i class=\"fas fa-check\"><\/i> Plataforma e-learning<\/li>\n<\/ul>\n<style>#thb-pricing-column-5cf77be0e6013.thb-iconlist .fa {color: #f28600;}<\/style>\n<\/div>\n[\/vc_column_text][\/vc_column_inner][vc_column_inner width=&#8221;1\/2&#8243;][vc_column_text el_class=&#8221;titleResalted&#8221;]<b>Beneficis<\/b>[\/vc_column_text][vc_column_text]Con\u00e8ixer o actualitzar el coneixement en seguretat; tend\u00e8ncies, normatives de protecci\u00f3 de dades, tecnologies &#8230;, que l&#8217;empleat ha de tenir segons el rol exercit en l&#8217;organitzaci\u00f3<\/p>\n<p>Estar conscienciats sobre seguretat tant en la seva vida laboral com privada.[\/vc_column_text][\/vc_column_inner][\/vc_row_inner][vc_row_inner][vc_column_inner][vc_separator][vc_column_text el_class=&#8221;boxResalted&#8221;]<b>Considerem que la formaci\u00f3 i la conscienciaci\u00f3 de les persones s\u00f3n part de les mesures m\u00e9s importants en la prevenci\u00f3 en Ciberseguretat.<\/b>[\/vc_column_text][\/vc_column_inner][\/vc_row_inner][\/vc_column][\/vc_row][vc_row thb_full_width=&#8221;true&#8221; thb_row_padding=&#8221;true&#8221; thb_column_padding=&#8221;true&#8221; thb_shape_divider=&#8221;true&#8221; css=&#8221;.vc_custom_1559725321048{padding-top: 70px !important;padding-bottom: 100px !important;background-color: #e4e4e4 !important;}&#8221; divider_shape=&#8221;triangle&#8221; thb_divider_color=&#8221;#050505&#8243; thb_divider_height=&#8221;100&#8243;][vc_column][vc_row_inner css=&#8221;.vc_custom_1559740113079{background-color: #e4e4e4 !important;}&#8221; el_class=&#8221;callToActionVB&#8221;][vc_column_inner][vc_cta h2=&#8221;Est\u00e0s interessat en aquest servei per a la teva empresa?&#8221; add_button=&#8221;right&#8221; btn_title=&#8221;Contactar&#8221; btn_style=&#8221;custom&#8221; btn_custom_background=&#8221;#f28600&#8243; btn_custom_text=&#8221;#ffffff&#8221; btn_size=&#8221;lg&#8221; btn_align=&#8221;right&#8221; btn_i_align=&#8221;right&#8221; btn_i_icon_fontawesome=&#8221;fas fa-angle-double-right&#8221; add_icon=&#8221;left&#8221; i_icon_fontawesome=&#8221;fas fa-envelope&#8221; i_color=&#8221;custom&#8221; i_size=&#8221;xl&#8221; i_css_animation=&#8221;slideInLeft&#8221; btn_add_icon=&#8221;true&#8221; btn_link=&#8221;url:https%3A%2F%2Fnexus-on.com%2Fca%2Fcontacte%2F|title:Contacte||&#8221; css=&#8221;.vc_custom_1563967799798{border-top-width: 0px !important;border-right-width: 0px !important;border-bottom-width: 0px !important;border-left-width: 0px !important;background-color: #e4e4e4 !important;border-left-style: inherit !important;border-right-style: inherit !important;border-top-style: inherit !important;border-bottom-style: inherit !important;}&#8221; i_custom_color=&#8221;#f28600&#8243; i_link=&#8221;url:https%3A%2F%2Fnexus-on.com%2Fcontacto%2F|title:Contacto||&#8221;]Posa&#8217;t en contacte amb nosaltres, resol els teus dubtes o demana&#8217;ns pressupost personalitzat[\/vc_cta][\/vc_column_inner][\/vc_row_inner][\/vc_column][\/vc_row]\n","protected":false},"excerpt":{"rendered":"<p>[vc_row thb_full_width=&#8221;true&#8221; thb_row_padding=&#8221;true&#8221; thb_column_padding=&#8221;true&#8221; bg_gradient_direction=&#8221;0&#8243; thb_shape_divider=&#8221;true&#8221; css=&#8221;.vc_custom_1559585815742{padding-bottom: 0px !important;background: #0a0a0a url(https:\/\/nexus-on.com\/wp-content\/uploads\/2019\/06\/bg-about.jpg?id=343) !important;background-position: center !important;background-repeat: no-repeat !important;background-size: cover !important;}&#8221; divider_shape=&#8221;tilt_v2&#8243; thb_divider_color=&#8221;#ffffff&#8221; thb_divider_height=&#8221;100&#8243;][vc_column][vc_row_inner css=&#8221;.vc_custom_1522314053191{padding-top: 25vh !important;padding-bottom: 14vh !important;}&#8221;][vc_column_inner][\/vc_column_inner][\/vc_row_inner][\/vc_column][\/vc_row][vc_row thb_full_width=&#8221;true&#8221; thb_row_padding=&#8221;true&#8221; thb_column_padding=&#8221;true&#8221; thb_shape_divider=&#8221;true&#8221; css=&#8221;.vc_custom_1559726210359{padding-top: 70px !important;padding-bottom: 70px !important;}&#8221; thb_divider_color=&#8221;#e4e4e4&#8243; divider_shape=&#8221;waves_alt&#8221;][vc_column][vc_row_inner][vc_column_inner][vc_column_text] En seguretat, la baula m\u00e9s feble \u00e9s l&#8217;usuari final. Tenint en compte que m\u00e9s del 80% dels Ciberatacs&hellip;<\/p>\n","protected":false},"author":1,"featured_media":584,"parent":706,"menu_order":2,"comment_status":"closed","ping_status":"closed","template":"","meta":{"footnotes":""},"class_list":["post-716","page","type-page","status-publish","has-post-thumbnail","hentry"],"aioseo_notices":[],"_links":{"self":[{"href":"https:\/\/nexus-on.com\/ca\/wp-json\/wp\/v2\/pages\/716","targetHints":{"allow":["GET"]}}],"collection":[{"href":"https:\/\/nexus-on.com\/ca\/wp-json\/wp\/v2\/pages"}],"about":[{"href":"https:\/\/nexus-on.com\/ca\/wp-json\/wp\/v2\/types\/page"}],"author":[{"embeddable":true,"href":"https:\/\/nexus-on.com\/ca\/wp-json\/wp\/v2\/users\/1"}],"replies":[{"embeddable":true,"href":"https:\/\/nexus-on.com\/ca\/wp-json\/wp\/v2\/comments?post=716"}],"version-history":[{"count":6,"href":"https:\/\/nexus-on.com\/ca\/wp-json\/wp\/v2\/pages\/716\/revisions"}],"predecessor-version":[{"id":1206,"href":"https:\/\/nexus-on.com\/ca\/wp-json\/wp\/v2\/pages\/716\/revisions\/1206"}],"up":[{"embeddable":true,"href":"https:\/\/nexus-on.com\/ca\/wp-json\/wp\/v2\/pages\/706"}],"wp:featuredmedia":[{"embeddable":true,"href":"https:\/\/nexus-on.com\/ca\/wp-json\/wp\/v2\/media\/584"}],"wp:attachment":[{"href":"https:\/\/nexus-on.com\/ca\/wp-json\/wp\/v2\/media?parent=716"}],"curies":[{"name":"wp","href":"https:\/\/api.w.org\/{rel}","templated":true}]}}