{"id":720,"date":"2018-09-05T12:17:04","date_gmt":"2018-09-05T10:17:04","guid":{"rendered":"https:\/\/nexus-on.com\/servicios-seguridad-informatica\/seguridad-it\/"},"modified":"2022-02-09T12:38:56","modified_gmt":"2022-02-09T11:38:56","slug":"seguretat-it","status":"publish","type":"page","link":"https:\/\/nexus-on.com\/ca\/serveis-seguretat-informatica\/seguretat-it\/","title":{"rendered":"Seguretat en l&#8217;Entorn IT"},"content":{"rendered":"[vc_row thb_full_width=&#8221;true&#8221; thb_row_padding=&#8221;true&#8221; thb_column_padding=&#8221;true&#8221; bg_gradient_direction=&#8221;0&#8243; thb_shape_divider=&#8221;true&#8221; css=&#8221;.vc_custom_1559585815742{padding-bottom: 0px !important;background: #0a0a0a url(https:\/\/nexus-on.com\/wp-content\/uploads\/2019\/06\/bg-about.jpg?id=343) !important;background-position: center !important;background-repeat: no-repeat !important;background-size: cover !important;}&#8221; divider_shape=&#8221;tilt_v2&#8243; thb_divider_color=&#8221;#ffffff&#8221; thb_divider_height=&#8221;100&#8243;][vc_column][vc_row_inner css=&#8221;.vc_custom_1522314053191{padding-top: 25vh !important;padding-bottom: 14vh !important;}&#8221;][vc_column_inner]\t<div id=\"thb-autotype-69e34cab47ce7\" class=\"thb-autotype titleVB\">\n\t\t<h1><label>S<\/label><strong><span class=\"thb-autotype-entry\" data-thb-cursor=\"1\" data-thb-loop=\"\" data-strings=\"[&quot;&lt;font color=\\&quot;#f38700\\&quot;&gt;S&lt;\\\/font&gt;eguretat IT&quot;]\" data-speed=\"50\"><\/span><\/strong><\/h1>\t\t\t\t<style>\n\t\t\t#thb-autotype-69e34cab47ce7 .thb-autotype-entry {\n\t\t\t\tcolor: #ffffff;\n\t\t\t}\n\t\t<\/style>\n\t\t\t<\/div>\n\n\t\t<div id=\"thb-autotype-69e34cab47df5\" class=\"thb-autotype titleVB\">\n\t\t<h2>&nbsp;<span class=\"thb-autotype-entry\" data-thb-cursor=\"1\" data-thb-loop=\"\" data-strings=\"[&quot;&lt;font color=\\&quot;#f38700\\&quot;&gt;P&lt;\\\/font&gt;rotecci\\u00f3&quot;]\" data-speed=\"50\"><\/span><\/strong><\/h2>\t\t\t\t<style>\n\t\t\t#thb-autotype-69e34cab47df5 .thb-autotype-entry {\n\t\t\t\tcolor: #ffffff;\n\t\t\t}\n\t\t<\/style>\n\t\t\t<\/div>\n\n\t[\/vc_column_inner][\/vc_row_inner][\/vc_column][\/vc_row][vc_row thb_full_width=&#8221;true&#8221; thb_row_padding=&#8221;true&#8221; thb_column_padding=&#8221;true&#8221; thb_shape_divider=&#8221;true&#8221; css=&#8221;.vc_custom_1559726210359{padding-top: 70px !important;padding-bottom: 70px !important;}&#8221; thb_divider_color=&#8221;#e4e4e4&#8243; divider_shape=&#8221;waves_alt&#8221;][vc_column][vc_row_inner][vc_column_inner][vc_column_text]La diversitat de plataformes i tecnologies, les necessitats de mobilitat i <strong>d&#8217;acc\u00e9s multidispositiu i multiacc\u00e9s<\/strong> per part dels usuaris, la dispersi\u00f3 geogr\u00e0fica de l&#8217;entorn de la Companyia i la disparitat en molts casos de les solucions utilitzades per a les aplicacions de negoci, incrementen la complexitat per poder disposar d&#8217;un entorn <strong>segur i fiable<\/strong>.<br \/>\n[\/vc_column_text][\/vc_column_inner][\/vc_row_inner][vc_row_inner][vc_column_inner width=&#8221;1\/2&#8243;][vc_column_text el_class=&#8221;titleResalted&#8221;]<strong>Objectiu<\/strong>[\/vc_column_text][vc_column_text]\n<p style=\"text-align: justify;\" align=\"justify\">Disposar de serveis experts en <strong>solucions de seguretat<\/strong> orientats a la realitzaci\u00f3 d&#8217;activitats <strong>d&#8217;an\u00e0lisi, de correcci\u00f3 i prevenci\u00f3<\/strong>, revisi\u00f3 de <strong>pol\u00edtiques de seguretat<\/strong>, aix\u00ed com d&#8217;evoluci\u00f3 i implantaci\u00f3 que requereixen disposar d&#8217;un entorn operatiu segur i fiable.<\/p>\n<p style=\"text-align: justify;\" align=\"justify\">Les solucions de seguretat s&#8217;agrupen en:<\/p>\n<div id=\"thb-pricing-column-5cf77be0e6013\" class=\"thb-iconlist \">\n<ul>\n<li class=\"thb-iconlist-li animation left-to-right\" style=\"visibility: inherit; opacity: 1; transform: matrix(1, 0, 0, 1, 0, 0);\"><i class=\"fas fa-check\"><\/i> Solucions perimetrals i elements de xarxa (tallafocs, balancejadors principalment).<\/li>\n<li class=\"thb-iconlist-li animation left-to-right\" style=\"visibility: inherit; opacity: 1; transform: matrix(1, 0, 0, 1, 0, 0);\"><i class=\"fas fa-check\"><\/i> Entorn lloc de treball (Endpoint)<\/li>\n<li class=\"thb-iconlist-li animation left-to-right\" style=\"visibility: inherit; opacity: 1; transform: matrix(1, 0, 0, 1, 0, 0);\"><i class=\"fas fa-check\"><\/i> Mobilitat<\/li>\n<li class=\"thb-iconlist-li animation left-to-right\" style=\"visibility: inherit; opacity: 1; transform: matrix(1, 0, 0, 1, 0, 0);\"><i class=\"fas fa-check\"><\/i> Infraestructura de servidors<\/li>\n<\/ul>\n<style>#thb-pricing-column-5cf77be0e6013.thb-iconlist .fa {color: #f28600;}<\/style>\n<\/div>\n[\/vc_column_text][\/vc_column_inner][vc_column_inner width=&#8221;1\/2&#8243;][vc_column_text el_class=&#8221;titleResalted&#8221;]<b>Beneficis<\/b>[\/vc_column_text][vc_column_text]Comptar amb un equip de <strong>professionals en seguretat<\/strong> orientats a client i servei, que treballen com una extensi\u00f3 del departament d&#8217;IT.<br \/>\n[\/vc_column_text][\/vc_column_inner][\/vc_row_inner][vc_row_inner][vc_column_inner][vc_separator][vc_column_text el_class=&#8221;boxResalted&#8221;]El nostre coneixement com a experts en diferents <strong>solucions de seguretat<\/strong>, ens permet ser prescriptors de la millor opci\u00f3, d&#8217;acord amb les necessitats reals de les Companyies.<br \/>\n[\/vc_column_text][\/vc_column_inner][\/vc_row_inner][\/vc_column][\/vc_row][vc_row thb_full_width=&#8221;true&#8221; thb_row_padding=&#8221;true&#8221; thb_column_padding=&#8221;true&#8221; thb_shape_divider=&#8221;true&#8221; css=&#8221;.vc_custom_1559725321048{padding-top: 70px !important;padding-bottom: 100px !important;background-color: #e4e4e4 !important;}&#8221; divider_shape=&#8221;triangle&#8221; thb_divider_color=&#8221;#050505&#8243; thb_divider_height=&#8221;100&#8243;][vc_column][vc_row_inner css=&#8221;.vc_custom_1559740105078{background-color: #e4e4e4 !important;}&#8221; el_class=&#8221;callToActionVB&#8221;][vc_column_inner][vc_cta h2=&#8221;Est\u00e0s interessat en aquest servei per a la teva empresa?&#8221; add_button=&#8221;right&#8221; btn_title=&#8221;Contactar&#8221; btn_style=&#8221;custom&#8221; btn_custom_background=&#8221;#f28600&#8243; btn_custom_text=&#8221;#ffffff&#8221; btn_size=&#8221;lg&#8221; btn_align=&#8221;right&#8221; btn_i_align=&#8221;right&#8221; btn_i_icon_fontawesome=&#8221;fas fa-angle-double-right&#8221; add_icon=&#8221;left&#8221; i_icon_fontawesome=&#8221;fas fa-envelope&#8221; i_color=&#8221;custom&#8221; i_size=&#8221;xl&#8221; i_css_animation=&#8221;slideInLeft&#8221; btn_add_icon=&#8221;true&#8221; btn_link=&#8221;url:https%3A%2F%2Fnexus-on.com%2Fca%2Fcontacte%2F|title:Contacte||&#8221; css=&#8221;.vc_custom_1563967797805{border-top-width: 0px !important;border-right-width: 0px !important;border-bottom-width: 0px !important;border-left-width: 0px !important;background-color: #e4e4e4 !important;border-left-style: inherit !important;border-right-style: inherit !important;border-top-style: inherit !important;border-bottom-style: inherit !important;}&#8221; i_custom_color=&#8221;#f28600&#8243; i_link=&#8221;url:https%3A%2F%2Fnexus-on.com%2Fcontacto%2F|title:Contacto||&#8221;]Posa&#8217;t en contacte amb nosaltres, resol els teus dubtes o demana&#8217;ns pressupost personalitzat[\/vc_cta][\/vc_column_inner][\/vc_row_inner][\/vc_column][\/vc_row]\n","protected":false},"excerpt":{"rendered":"<p>[vc_row thb_full_width=&#8221;true&#8221; thb_row_padding=&#8221;true&#8221; thb_column_padding=&#8221;true&#8221; bg_gradient_direction=&#8221;0&#8243; thb_shape_divider=&#8221;true&#8221; css=&#8221;.vc_custom_1559585815742{padding-bottom: 0px !important;background: #0a0a0a url(https:\/\/nexus-on.com\/wp-content\/uploads\/2019\/06\/bg-about.jpg?id=343) !important;background-position: center !important;background-repeat: no-repeat !important;background-size: cover !important;}&#8221; divider_shape=&#8221;tilt_v2&#8243; thb_divider_color=&#8221;#ffffff&#8221; thb_divider_height=&#8221;100&#8243;][vc_column][vc_row_inner css=&#8221;.vc_custom_1522314053191{padding-top: 25vh !important;padding-bottom: 14vh !important;}&#8221;][vc_column_inner][\/vc_column_inner][\/vc_row_inner][\/vc_column][\/vc_row][vc_row thb_full_width=&#8221;true&#8221; thb_row_padding=&#8221;true&#8221; thb_column_padding=&#8221;true&#8221; thb_shape_divider=&#8221;true&#8221; css=&#8221;.vc_custom_1559726210359{padding-top: 70px !important;padding-bottom: 70px !important;}&#8221; thb_divider_color=&#8221;#e4e4e4&#8243; divider_shape=&#8221;waves_alt&#8221;][vc_column][vc_row_inner][vc_column_inner][vc_column_text]La diversitat de plataformes i tecnologies, les necessitats de mobilitat i d&#8217;acc\u00e9s multidispositiu i multiacc\u00e9s per part dels usuaris,&hellip;<\/p>\n","protected":false},"author":1,"featured_media":587,"parent":706,"menu_order":3,"comment_status":"closed","ping_status":"closed","template":"","meta":{"footnotes":""},"class_list":["post-720","page","type-page","status-publish","has-post-thumbnail","hentry"],"aioseo_notices":[],"_links":{"self":[{"href":"https:\/\/nexus-on.com\/ca\/wp-json\/wp\/v2\/pages\/720","targetHints":{"allow":["GET"]}}],"collection":[{"href":"https:\/\/nexus-on.com\/ca\/wp-json\/wp\/v2\/pages"}],"about":[{"href":"https:\/\/nexus-on.com\/ca\/wp-json\/wp\/v2\/types\/page"}],"author":[{"embeddable":true,"href":"https:\/\/nexus-on.com\/ca\/wp-json\/wp\/v2\/users\/1"}],"replies":[{"embeddable":true,"href":"https:\/\/nexus-on.com\/ca\/wp-json\/wp\/v2\/comments?post=720"}],"version-history":[{"count":8,"href":"https:\/\/nexus-on.com\/ca\/wp-json\/wp\/v2\/pages\/720\/revisions"}],"predecessor-version":[{"id":1205,"href":"https:\/\/nexus-on.com\/ca\/wp-json\/wp\/v2\/pages\/720\/revisions\/1205"}],"up":[{"embeddable":true,"href":"https:\/\/nexus-on.com\/ca\/wp-json\/wp\/v2\/pages\/706"}],"wp:featuredmedia":[{"embeddable":true,"href":"https:\/\/nexus-on.com\/ca\/wp-json\/wp\/v2\/media\/587"}],"wp:attachment":[{"href":"https:\/\/nexus-on.com\/ca\/wp-json\/wp\/v2\/media?parent=720"}],"curies":[{"name":"wp","href":"https:\/\/api.w.org\/{rel}","templated":true}]}}