{"id":724,"date":"2018-08-05T12:23:58","date_gmt":"2018-08-05T10:23:58","guid":{"rendered":"https:\/\/nexus-on.com\/servicios-seguridad-informatica\/ciberseguridad-industrial-4-0\/"},"modified":"2022-02-09T12:38:50","modified_gmt":"2022-02-09T11:38:50","slug":"ciberseguretat-industrial-4-0","status":"publish","type":"page","link":"https:\/\/nexus-on.com\/ca\/serveis-seguretat-informatica\/ciberseguretat-industrial-4-0\/","title":{"rendered":"Ciberseguretat industrial 4.0"},"content":{"rendered":"[vc_row thb_full_width=&#8221;true&#8221; thb_row_padding=&#8221;true&#8221; thb_column_padding=&#8221;true&#8221; bg_gradient_direction=&#8221;0&#8243; thb_shape_divider=&#8221;true&#8221; css=&#8221;.vc_custom_1559585815742{padding-bottom: 0px !important;background: #0a0a0a url(https:\/\/nexus-on.com\/wp-content\/uploads\/2019\/06\/bg-about.jpg?id=343) !important;background-position: center !important;background-repeat: no-repeat !important;background-size: cover !important;}&#8221; divider_shape=&#8221;tilt_v2&#8243; thb_divider_color=&#8221;#ffffff&#8221; thb_divider_height=&#8221;100&#8243;][vc_column][vc_row_inner css=&#8221;.vc_custom_1522314053191{padding-top: 25vh !important;padding-bottom: 14vh !important;}&#8221;][vc_column_inner]\t<div id=\"thb-autotype-69df13dc24473\" class=\"thb-autotype titleVB\">\n\t\t<h1><label>C<\/label><strong><span class=\"thb-autotype-entry\" data-thb-cursor=\"1\" data-thb-loop=\"\" data-strings=\"[&quot;&lt;font color=\\&quot;#f38700\\&quot;&gt;C&lt;\\\/font&gt;iberseguretat industrial 4.0&quot;]\" data-speed=\"50\"><\/span><\/strong><\/h1>\t\t\t\t<style>\n\t\t\t#thb-autotype-69df13dc24473 .thb-autotype-entry {\n\t\t\t\tcolor: #ffffff;\n\t\t\t}\n\t\t<\/style>\n\t\t\t<\/div>\n\n\t\t<div id=\"thb-autotype-69df13dc24559\" class=\"thb-autotype titleVB\">\n\t\t<h2>&nbsp;<span class=\"thb-autotype-entry\" data-thb-cursor=\"1\" data-thb-loop=\"\" data-strings=\"[&quot;&lt;font color=\\&quot;#f38700\\&quot;&gt;I&lt;\\\/font&gt;ntroducci\\u00f3&quot;]\" data-speed=\"50\"><\/span><\/strong><\/h2>\t\t\t\t<style>\n\t\t\t#thb-autotype-69df13dc24559 .thb-autotype-entry {\n\t\t\t\tcolor: #ffffff;\n\t\t\t}\n\t\t<\/style>\n\t\t\t<\/div>\n\n\t[\/vc_column_inner][\/vc_row_inner][\/vc_column][\/vc_row][vc_row thb_full_width=&#8221;true&#8221; thb_row_padding=&#8221;true&#8221; thb_column_padding=&#8221;true&#8221; thb_shape_divider=&#8221;true&#8221; css=&#8221;.vc_custom_1559726210359{padding-top: 70px !important;padding-bottom: 70px !important;}&#8221; thb_divider_color=&#8221;#e4e4e4&#8243; divider_shape=&#8221;waves_alt&#8221;][vc_column][vc_row_inner][vc_column_inner][vc_column_text]\n<p style=\"text-align: justify;\">En el cada vegada m\u00e9s complex entorn industrial, on les solucions tradicionals conviuen amb <strong>noves infraestructures IT i OT<\/strong>.<\/p>\n<p style=\"text-align: justify;\">Aquesta interacci\u00f3 entre entorns d&#8217;infraestructura cr\u00edtics, genera <strong>desafiaments de seguretat<\/strong>, alhora que fa que les amenaces siguin encara m\u00e9s dif\u00edcils de <em>detectar, investigar i posar remei<\/em>.<\/p>\n[\/vc_column_text][\/vc_column_inner][\/vc_row_inner][vc_row_inner][vc_column_inner width=&#8221;1\/2&#8243;][vc_column_text el_class=&#8221;titleResalted&#8221;]<strong>Objectiu<\/strong>[\/vc_column_text][vc_column_text]\n<div id=\"thb-pricing-column-5cf77be0e6013\" class=\"thb-iconlist \">\n<ul>\n<li class=\"thb-iconlist-li animation left-to-right\" style=\"visibility: inherit; opacity: 1; transform: matrix(1, 0, 0, 1, 0, 0);\"><i class=\"fas fa-check\"><\/i> Visibilitat de tots els actius de la infraestructura OT.<\/li>\n<li class=\"thb-iconlist-li animation left-to-right\" style=\"visibility: inherit; opacity: 1; transform: matrix(1, 0, 0, 1, 0, 0);\"><i class=\"fas fa-check\"><\/i> Con\u00e8ixer el nivell de seguretat dels actius d&#8217;automatitzaci\u00f3 i control que suporten els processos productius.<\/li>\n<li class=\"thb-iconlist-li animation left-to-right\" style=\"visibility: inherit; opacity: 1; transform: matrix(1, 0, 0, 1, 0, 0);\"><i class=\"fas fa-check\"><\/i> Prevenir els possibles atacs de malware (desconegut), denegaci\u00f3 de servei intern, fins i tot espionatge industrial.<\/li>\n<\/ul>\n<style>#thb-pricing-column-5cf77be0e6013.thb-iconlist .fa {color: #f28600;}<\/style>\n<\/div>\n[\/vc_column_text][\/vc_column_inner][vc_column_inner width=&#8221;1\/2&#8243;][vc_column_text el_class=&#8221;titleResalted&#8221;]<b>Beneficis<\/b>[\/vc_column_text][vc_column_text]\n<div id=\"thb-pricing-column-5cf77be0e67013\" class=\"thb-iconlist \">\n<ul>\n<li class=\"thb-iconlist-li animation left-to-right\" style=\"visibility: inherit; opacity: 1; transform: matrix(1, 0, 0, 1, 0, 0);\"><i class=\"fas fa-check\"><\/i> Coneixement real de la infraestructura OT.<\/li>\n<li class=\"thb-iconlist-li animation left-to-right\" style=\"visibility: inherit; opacity: 1; transform: matrix(1, 0, 0, 1, 0, 0);\"><i class=\"fas fa-check\"><\/i> Identificaci\u00f3 d&#8217;amenaces OT.<\/li>\n<li class=\"thb-iconlist-li animation left-to-right\" style=\"visibility: inherit; opacity: 1; transform: matrix(1, 0, 0, 1, 0, 0);\"><i class=\"fas fa-check\"><\/i> Controlar les configuracions extrem a extrem. (No permetre canvis no autoritzats en els PLC, DCS).<\/li>\n<li class=\"thb-iconlist-li animation left-to-right\" style=\"visibility: inherit; opacity: 1; transform: matrix(1, 0, 0, 1, 0, 0);\"><i class=\"fas fa-check\"><\/i> La recomanaci\u00f3 de mesures, per mitigaci\u00f3 de les vulnerabilitats o amenaces que es detectin<\/li>\n<\/ul>\n<style>#thb-pricing-column-5cf77be0e67013.thb-iconlist .fa {color: #f28600;}<\/style>\n<\/div>\n[\/vc_column_text][\/vc_column_inner][\/vc_row_inner][vc_row_inner][vc_column_inner][vc_separator][vc_column_text el_class=&#8221;boxResalted&#8221;]La <strong>ciberseguretat<\/strong> es constata com un element habilitador perqu\u00e8 la <strong>ind\u00fastria 4.0<\/strong> sigui operativa, no nom\u00e9s abastant elements tecnol\u00f2gics sin\u00f3 tamb\u00e9 els processos en la cadena de valor.<\/p>\n<p>Tot aix\u00f2, sense afectaci\u00f3 a la disponibilitat operativa ni a la <strong>coher\u00e8ncia<\/strong> dels <strong>processos industrials<\/strong>.[\/vc_column_text][\/vc_column_inner][\/vc_row_inner][\/vc_column][\/vc_row][vc_row thb_full_width=&#8221;true&#8221; thb_row_padding=&#8221;true&#8221; thb_column_padding=&#8221;true&#8221; thb_shape_divider=&#8221;true&#8221; css=&#8221;.vc_custom_1559725321048{padding-top: 70px !important;padding-bottom: 100px !important;background-color: #e4e4e4 !important;}&#8221; divider_shape=&#8221;triangle&#8221; thb_divider_color=&#8221;#050505&#8243; thb_divider_height=&#8221;100&#8243;][vc_column][vc_row_inner css=&#8221;.vc_custom_1559740097385{background-color: #e4e4e4 !important;}&#8221; el_class=&#8221;callToActionVB&#8221;][vc_column_inner][vc_cta h2=&#8221;Est\u00e0s interessat en aquest servei per a la teva empresa?&#8221; add_button=&#8221;right&#8221; btn_title=&#8221;Contactar&#8221; btn_style=&#8221;custom&#8221; btn_custom_background=&#8221;#f28600&#8243; btn_custom_text=&#8221;#ffffff&#8221; btn_size=&#8221;lg&#8221; btn_align=&#8221;right&#8221; btn_i_align=&#8221;right&#8221; btn_i_icon_fontawesome=&#8221;fas fa-angle-double-right&#8221; add_icon=&#8221;left&#8221; i_icon_fontawesome=&#8221;fas fa-envelope&#8221; i_color=&#8221;custom&#8221; i_size=&#8221;xl&#8221; i_css_animation=&#8221;slideInLeft&#8221; btn_add_icon=&#8221;true&#8221; btn_link=&#8221;url:https%3A%2F%2Fnexus-on.com%2Fca%2Fcontacte%2F|title:Contacte||&#8221; css=&#8221;.vc_custom_1563967795172{border-top-width: 0px !important;border-right-width: 0px !important;border-bottom-width: 0px !important;border-left-width: 0px !important;background-color: #e4e4e4 !important;border-left-style: inherit !important;border-right-style: inherit !important;border-top-style: inherit !important;border-bottom-style: inherit !important;}&#8221; i_custom_color=&#8221;#f28600&#8243; i_link=&#8221;url:https%3A%2F%2Fnexus-on.com%2Fcontacto%2F|title:Contacto||&#8221;]Posa&#8217;t en contacte amb nosaltres, resol els teus dubtes o demana&#8217;ns pressupost personalitzat[\/vc_cta][\/vc_column_inner][\/vc_row_inner][\/vc_column][\/vc_row]\n","protected":false},"excerpt":{"rendered":"<p>[vc_row thb_full_width=&#8221;true&#8221; thb_row_padding=&#8221;true&#8221; thb_column_padding=&#8221;true&#8221; bg_gradient_direction=&#8221;0&#8243; thb_shape_divider=&#8221;true&#8221; css=&#8221;.vc_custom_1559585815742{padding-bottom: 0px !important;background: #0a0a0a url(https:\/\/nexus-on.com\/wp-content\/uploads\/2019\/06\/bg-about.jpg?id=343) !important;background-position: center !important;background-repeat: no-repeat !important;background-size: cover !important;}&#8221; divider_shape=&#8221;tilt_v2&#8243; thb_divider_color=&#8221;#ffffff&#8221; thb_divider_height=&#8221;100&#8243;][vc_column][vc_row_inner css=&#8221;.vc_custom_1522314053191{padding-top: 25vh !important;padding-bottom: 14vh !important;}&#8221;][vc_column_inner][\/vc_column_inner][\/vc_row_inner][\/vc_column][\/vc_row][vc_row thb_full_width=&#8221;true&#8221; thb_row_padding=&#8221;true&#8221; thb_column_padding=&#8221;true&#8221; thb_shape_divider=&#8221;true&#8221; css=&#8221;.vc_custom_1559726210359{padding-top: 70px !important;padding-bottom: 70px !important;}&#8221; thb_divider_color=&#8221;#e4e4e4&#8243; divider_shape=&#8221;waves_alt&#8221;][vc_column][vc_row_inner][vc_column_inner][vc_column_text] En el cada vegada m\u00e9s complex entorn industrial, on les solucions tradicionals conviuen amb noves infraestructures IT i&hellip;<\/p>\n","protected":false},"author":1,"featured_media":590,"parent":706,"menu_order":4,"comment_status":"closed","ping_status":"closed","template":"","meta":{"footnotes":""},"class_list":["post-724","page","type-page","status-publish","has-post-thumbnail","hentry"],"aioseo_notices":[],"_links":{"self":[{"href":"https:\/\/nexus-on.com\/ca\/wp-json\/wp\/v2\/pages\/724","targetHints":{"allow":["GET"]}}],"collection":[{"href":"https:\/\/nexus-on.com\/ca\/wp-json\/wp\/v2\/pages"}],"about":[{"href":"https:\/\/nexus-on.com\/ca\/wp-json\/wp\/v2\/types\/page"}],"author":[{"embeddable":true,"href":"https:\/\/nexus-on.com\/ca\/wp-json\/wp\/v2\/users\/1"}],"replies":[{"embeddable":true,"href":"https:\/\/nexus-on.com\/ca\/wp-json\/wp\/v2\/comments?post=724"}],"version-history":[{"count":7,"href":"https:\/\/nexus-on.com\/ca\/wp-json\/wp\/v2\/pages\/724\/revisions"}],"predecessor-version":[{"id":1204,"href":"https:\/\/nexus-on.com\/ca\/wp-json\/wp\/v2\/pages\/724\/revisions\/1204"}],"up":[{"embeddable":true,"href":"https:\/\/nexus-on.com\/ca\/wp-json\/wp\/v2\/pages\/706"}],"wp:featuredmedia":[{"embeddable":true,"href":"https:\/\/nexus-on.com\/ca\/wp-json\/wp\/v2\/media\/590"}],"wp:attachment":[{"href":"https:\/\/nexus-on.com\/ca\/wp-json\/wp\/v2\/media?parent=724"}],"curies":[{"name":"wp","href":"https:\/\/api.w.org\/{rel}","templated":true}]}}